{"id":211,"date":"2025-12-01T16:04:20","date_gmt":"2025-12-01T21:04:20","guid":{"rendered":"https:\/\/cafesummum.com\/?post_type=product&#038;p=211"},"modified":"2026-04-01T23:37:20","modified_gmt":"2026-04-02T03:37:20","slug":"tanzanie-peaberry-brun","status":"publish","type":"product","link":"https:\/\/cafesummum.com\/en\/produit\/tanzanie-peaberry-brun\/","title":{"rendered":"Tanzanie Peaberry Brun"},"content":{"rendered":"<h3><strong>Tanzanie Peaberry\u00a0 Torr\u00e9faction Brune<\/strong><\/h3>\n<p>D\u00e9couvrez un caf\u00e9 rare et recherch\u00e9 : le Tanzanie Peaberry, un <strong>grain naturellement rond et unique<\/strong>, form\u00e9 lorsqu\u2019une seule graine se d\u00e9veloppe dans la cerise au lieu de deux. Cette singularit\u00e9 lui offre une concentration aromatique remarquable et une belle intensit\u00e9 en tasse.<\/p>\n<p>Cultiv\u00e9 sur les pentes fertiles du Mont Kilimandjaro, ce Peaberry profite d\u2019un terroir volcanique riche et d\u2019une altitude id\u00e9ale, donnant <strong>un caf\u00e9 vibrant, \u00e9quilibr\u00e9 et lumineux.<\/strong> Sa torr\u00e9faction brune r\u00e9v\u00e8le <strong>des notes harmonieuses de chocolat au lait, de fruits rouges et de douces nuances florales.<\/strong><\/p>\n<p>Un caf\u00e9 \u00e9l\u00e9gant, distinctif et parfaitement \u00e9quilibr\u00e9 \u2014 l\u2019expression authentique du Kilimandjaro dans votre tasse.<\/p>\n<p>D\u00e9licieux en filtre pour un moment de douceur ou en Espresso, qui sera rond en bouche, l\u00e9g\u00e8rement fruit\u00e9 sans amertume excessive<\/p>\n","protected":false},"excerpt":{"rendered":"<p>Un caf\u00e9 rare compos\u00e9 de grains Peaberry, naturellement ronds et uniques, offrant une belle concentration aromatique. Cultiv\u00e9 sur les pentes volcaniques du Kilimandjaro, il d\u00e9voile<strong> une tasse \u00e9quilibr\u00e9e aux notes de chocolat au lait, de fruits rouges et de d\u00e9licates touches florales.<\/strong> Un caf\u00e9 \u00e9l\u00e9gant et distinctif, reflet authentique du Kilimandjaro.<\/p>\n","protected":false},"featured_media":604,"comment_status":"open","ping_status":"closed","template":"","meta":{"_et_pb_use_builder":"","_et_pb_old_content":"","_et_gb_content_width":""},"product_brand":[],"product_cat":[22,26],"product_tag":[],"class_list":{"0":"post-211","1":"product","2":"type-product","3":"status-publish","4":"has-post-thumbnail","6":"product_cat-cafe-brun","7":"product_cat-cafe-dorigine","9":"first","10":"instock","11":"shipping-taxable","12":"purchasable","13":"product-type-variable","14":"has-default-attributes"},"yoast_head":"<!-- This site is optimized with the Yoast SEO plugin v27.4 - https:\/\/yoast.com\/product\/yoast-seo-wordpress\/ -->\n<title>Tanzanie Peaberry Brun - Caf\u00e9 Summum<\/title>\n<meta name=\"robots\" content=\"index, follow, max-snippet:-1, max-image-preview:large, max-video-preview:-1\" \/>\n<link rel=\"canonical\" href=\"https:\/\/cafesummum.com\/produit\/tanzanie-peaberry-brun\/\" \/>\n<meta property=\"og:locale\" content=\"en_US\" \/>\n<meta property=\"og:type\" content=\"article\" \/>\n<meta property=\"og:title\" content=\"Tanzanie Peaberry Brun - Caf\u00e9 Summum\" \/>\n<meta property=\"og:description\" content=\"Un caf\u00e9 rare compos\u00e9 de grains Peaberry, naturellement ronds et uniques, offrant une belle concentration aromatique. Cultiv\u00e9 sur les pentes volcaniques du Kilimandjaro, il d\u00e9voile une tasse \u00e9quilibr\u00e9e aux notes de chocolat au lait, de fruits rouges et de d\u00e9licates touches florales. Un caf\u00e9 \u00e9l\u00e9gant et distinctif, reflet authentique du Kilimandjaro.\" \/>\n<meta property=\"og:url\" content=\"https:\/\/cafesummum.com\/produit\/tanzanie-peaberry-brun\/\" \/>\n<meta property=\"og:site_name\" content=\"Caf\u00e9 Summum\" \/>\n<meta property=\"article:publisher\" content=\"https:\/\/www.facebook.com\/cafe.summum\" \/>\n<meta property=\"article:modified_time\" content=\"2026-04-02T03:37:20+00:00\" \/>\n<meta property=\"og:image\" content=\"https:\/\/cafesummum.com\/wp-content\/uploads\/2026\/03\/TanzPBrun.jpg\" \/>\n\t<meta property=\"og:image:width\" content=\"730\" \/>\n\t<meta property=\"og:image:height\" content=\"726\" \/>\n\t<meta property=\"og:image:type\" content=\"image\/jpeg\" \/>\n<meta name=\"twitter:card\" content=\"summary_large_image\" \/>\n<meta name=\"twitter:label1\" content=\"Est. reading time\" \/>\n\t<meta name=\"twitter:data1\" content=\"1 minute\" \/>\n<script type=\"application\/ld+json\" class=\"yoast-schema-graph\">{\"@context\":\"https:\\\/\\\/schema.org\",\"@graph\":[{\"@type\":\"WebPage\",\"@id\":\"https:\\\/\\\/cafesummum.com\\\/produit\\\/tanzanie-peaberry-brun\\\/\",\"url\":\"https:\\\/\\\/cafesummum.com\\\/produit\\\/tanzanie-peaberry-brun\\\/\",\"name\":\"Tanzanie Peaberry Brun - Caf\u00e9 Summum\",\"isPartOf\":{\"@id\":\"https:\\\/\\\/cafesummum.com\\\/#website\"},\"primaryImageOfPage\":{\"@id\":\"https:\\\/\\\/cafesummum.com\\\/produit\\\/tanzanie-peaberry-brun\\\/#primaryimage\"},\"image\":{\"@id\":\"https:\\\/\\\/cafesummum.com\\\/produit\\\/tanzanie-peaberry-brun\\\/#primaryimage\"},\"thumbnailUrl\":\"https:\\\/\\\/cafesummum.com\\\/wp-content\\\/uploads\\\/2026\\\/03\\\/TanzPBrun.jpg\",\"datePublished\":\"2025-12-01T21:04:20+00:00\",\"dateModified\":\"2026-04-02T03:37:20+00:00\",\"breadcrumb\":{\"@id\":\"https:\\\/\\\/cafesummum.com\\\/produit\\\/tanzanie-peaberry-brun\\\/#breadcrumb\"},\"inLanguage\":\"en-US\",\"potentialAction\":[{\"@type\":\"ReadAction\",\"target\":[\"https:\\\/\\\/cafesummum.com\\\/produit\\\/tanzanie-peaberry-brun\\\/\"]}]},{\"@type\":\"ImageObject\",\"inLanguage\":\"en-US\",\"@id\":\"https:\\\/\\\/cafesummum.com\\\/produit\\\/tanzanie-peaberry-brun\\\/#primaryimage\",\"url\":\"https:\\\/\\\/cafesummum.com\\\/wp-content\\\/uploads\\\/2026\\\/03\\\/TanzPBrun.jpg\",\"contentUrl\":\"https:\\\/\\\/cafesummum.com\\\/wp-content\\\/uploads\\\/2026\\\/03\\\/TanzPBrun.jpg\",\"width\":730,\"height\":726},{\"@type\":\"BreadcrumbList\",\"@id\":\"https:\\\/\\\/cafesummum.com\\\/produit\\\/tanzanie-peaberry-brun\\\/#breadcrumb\",\"itemListElement\":[{\"@type\":\"ListItem\",\"position\":1,\"name\":\"Accueil\",\"item\":\"https:\\\/\\\/cafesummum.com\\\/\"},{\"@type\":\"ListItem\",\"position\":2,\"name\":\"Boutique\",\"item\":\"https:\\\/\\\/cafesummum.com\\\/boutique\\\/\"},{\"@type\":\"ListItem\",\"position\":3,\"name\":\"Tanzanie Peaberry Brun\"}]},{\"@type\":\"WebSite\",\"@id\":\"https:\\\/\\\/cafesummum.com\\\/#website\",\"url\":\"https:\\\/\\\/cafesummum.com\\\/\",\"name\":\"Caf\u00e9 Summum\",\"description\":\"Offrez-vous le Summum, depuis 25 ans\",\"publisher\":{\"@id\":\"https:\\\/\\\/cafesummum.com\\\/#organization\"},\"alternateName\":\"Caf\u00e9 Summum\",\"potentialAction\":[{\"@type\":\"SearchAction\",\"target\":{\"@type\":\"EntryPoint\",\"urlTemplate\":\"https:\\\/\\\/cafesummum.com\\\/?s={search_term_string}\"},\"query-input\":{\"@type\":\"PropertyValueSpecification\",\"valueRequired\":true,\"valueName\":\"search_term_string\"}}],\"inLanguage\":\"en-US\"},{\"@type\":\"Organization\",\"@id\":\"https:\\\/\\\/cafesummum.com\\\/#organization\",\"name\":\"Caf\u00e9 Summum\",\"url\":\"https:\\\/\\\/cafesummum.com\\\/\",\"logo\":{\"@type\":\"ImageObject\",\"inLanguage\":\"en-US\",\"@id\":\"https:\\\/\\\/cafesummum.com\\\/#\\\/schema\\\/logo\\\/image\\\/\",\"url\":\"https:\\\/\\\/cafesummum.com\\\/wp-content\\\/uploads\\\/2026\\\/01\\\/logo.png\",\"contentUrl\":\"https:\\\/\\\/cafesummum.com\\\/wp-content\\\/uploads\\\/2026\\\/01\\\/logo.png\",\"width\":339,\"height\":201,\"caption\":\"Caf\u00e9 Summum\"},\"image\":{\"@id\":\"https:\\\/\\\/cafesummum.com\\\/#\\\/schema\\\/logo\\\/image\\\/\"},\"sameAs\":[\"https:\\\/\\\/www.facebook.com\\\/cafe.summum\"]}]}<\/script>\n<!-- \/ Yoast SEO plugin. -->","yoast_head_json":{"title":"Tanzanie Peaberry Brun - Caf\u00e9 Summum","robots":{"index":"index","follow":"follow","max-snippet":"max-snippet:-1","max-image-preview":"max-image-preview:large","max-video-preview":"max-video-preview:-1"},"canonical":"https:\/\/cafesummum.com\/produit\/tanzanie-peaberry-brun\/","og_locale":"en_US","og_type":"article","og_title":"Tanzanie Peaberry Brun - Caf\u00e9 Summum","og_description":"Un caf\u00e9 rare compos\u00e9 de grains Peaberry, naturellement ronds et uniques, offrant une belle concentration aromatique. Cultiv\u00e9 sur les pentes volcaniques du Kilimandjaro, il d\u00e9voile une tasse \u00e9quilibr\u00e9e aux notes de chocolat au lait, de fruits rouges et de d\u00e9licates touches florales. Un caf\u00e9 \u00e9l\u00e9gant et distinctif, reflet authentique du Kilimandjaro.","og_url":"https:\/\/cafesummum.com\/produit\/tanzanie-peaberry-brun\/","og_site_name":"Caf\u00e9 Summum","article_publisher":"https:\/\/www.facebook.com\/cafe.summum","article_modified_time":"2026-04-02T03:37:20+00:00","og_image":[{"width":730,"height":726,"url":"https:\/\/cafesummum.com\/wp-content\/uploads\/2026\/03\/TanzPBrun.jpg","type":"image\/jpeg"}],"twitter_card":"summary_large_image","twitter_misc":{"Est. reading time":"1 minute"},"schema":{"@context":"https:\/\/schema.org","@graph":[{"@type":"WebPage","@id":"https:\/\/cafesummum.com\/produit\/tanzanie-peaberry-brun\/","url":"https:\/\/cafesummum.com\/produit\/tanzanie-peaberry-brun\/","name":"Tanzanie Peaberry Brun - Caf\u00e9 Summum","isPartOf":{"@id":"https:\/\/cafesummum.com\/#website"},"primaryImageOfPage":{"@id":"https:\/\/cafesummum.com\/produit\/tanzanie-peaberry-brun\/#primaryimage"},"image":{"@id":"https:\/\/cafesummum.com\/produit\/tanzanie-peaberry-brun\/#primaryimage"},"thumbnailUrl":"https:\/\/cafesummum.com\/wp-content\/uploads\/2026\/03\/TanzPBrun.jpg","datePublished":"2025-12-01T21:04:20+00:00","dateModified":"2026-04-02T03:37:20+00:00","breadcrumb":{"@id":"https:\/\/cafesummum.com\/produit\/tanzanie-peaberry-brun\/#breadcrumb"},"inLanguage":"en-US","potentialAction":[{"@type":"ReadAction","target":["https:\/\/cafesummum.com\/produit\/tanzanie-peaberry-brun\/"]}]},{"@type":"ImageObject","inLanguage":"en-US","@id":"https:\/\/cafesummum.com\/produit\/tanzanie-peaberry-brun\/#primaryimage","url":"https:\/\/cafesummum.com\/wp-content\/uploads\/2026\/03\/TanzPBrun.jpg","contentUrl":"https:\/\/cafesummum.com\/wp-content\/uploads\/2026\/03\/TanzPBrun.jpg","width":730,"height":726},{"@type":"BreadcrumbList","@id":"https:\/\/cafesummum.com\/produit\/tanzanie-peaberry-brun\/#breadcrumb","itemListElement":[{"@type":"ListItem","position":1,"name":"Accueil","item":"https:\/\/cafesummum.com\/"},{"@type":"ListItem","position":2,"name":"Boutique","item":"https:\/\/cafesummum.com\/boutique\/"},{"@type":"ListItem","position":3,"name":"Tanzanie Peaberry Brun"}]},{"@type":"WebSite","@id":"https:\/\/cafesummum.com\/#website","url":"https:\/\/cafesummum.com\/","name":"Caf\u00e9 Summum","description":"Offrez-vous le Summum, depuis 25 ans","publisher":{"@id":"https:\/\/cafesummum.com\/#organization"},"alternateName":"Caf\u00e9 Summum","potentialAction":[{"@type":"SearchAction","target":{"@type":"EntryPoint","urlTemplate":"https:\/\/cafesummum.com\/?s={search_term_string}"},"query-input":{"@type":"PropertyValueSpecification","valueRequired":true,"valueName":"search_term_string"}}],"inLanguage":"en-US"},{"@type":"Organization","@id":"https:\/\/cafesummum.com\/#organization","name":"Caf\u00e9 Summum","url":"https:\/\/cafesummum.com\/","logo":{"@type":"ImageObject","inLanguage":"en-US","@id":"https:\/\/cafesummum.com\/#\/schema\/logo\/image\/","url":"https:\/\/cafesummum.com\/wp-content\/uploads\/2026\/01\/logo.png","contentUrl":"https:\/\/cafesummum.com\/wp-content\/uploads\/2026\/01\/logo.png","width":339,"height":201,"caption":"Caf\u00e9 Summum"},"image":{"@id":"https:\/\/cafesummum.com\/#\/schema\/logo\/image\/"},"sameAs":["https:\/\/www.facebook.com\/cafe.summum"]}]}},"_links":{"self":[{"href":"https:\/\/cafesummum.com\/en\/wp-json\/wp\/v2\/product\/211","targetHints":{"allow":["GET"]}}],"collection":[{"href":"https:\/\/cafesummum.com\/en\/wp-json\/wp\/v2\/product"}],"about":[{"href":"https:\/\/cafesummum.com\/en\/wp-json\/wp\/v2\/types\/product"}],"replies":[{"embeddable":true,"href":"https:\/\/cafesummum.com\/en\/wp-json\/wp\/v2\/comments?post=211"}],"wp:featuredmedia":[{"embeddable":true,"href":"https:\/\/cafesummum.com\/en\/wp-json\/wp\/v2\/media\/604"}],"wp:attachment":[{"href":"https:\/\/cafesummum.com\/en\/wp-json\/wp\/v2\/media?parent=211"}],"wp:term":[{"taxonomy":"product_brand","embeddable":true,"href":"https:\/\/cafesummum.com\/en\/wp-json\/wp\/v2\/product_brand?post=211"},{"taxonomy":"product_cat","embeddable":true,"href":"https:\/\/cafesummum.com\/en\/wp-json\/wp\/v2\/product_cat?post=211"},{"taxonomy":"product_tag","embeddable":true,"href":"https:\/\/cafesummum.com\/en\/wp-json\/wp\/v2\/product_tag?post=211"}],"curies":[{"name":"wp","href":"https:\/\/api.w.org\/{rel}","templated":true}]}}