{"id":218,"date":"2025-12-01T16:05:23","date_gmt":"2025-12-01T21:05:23","guid":{"rendered":"https:\/\/cafesummum.com\/?post_type=product&#038;p=218"},"modified":"2026-04-01T23:37:20","modified_gmt":"2026-04-02T03:37:20","slug":"tanzanie-peaberry-noir","status":"publish","type":"product","link":"https:\/\/cafesummum.com\/en\/produit\/tanzanie-peaberry-noir\/","title":{"rendered":"Tanzanie Peaberry Noir"},"content":{"rendered":"<h3><strong>Tanzanie Peaberry\u00a0 Torr\u00e9faction Noire<\/strong><\/h3>\n<p>D\u00e9couvrez un caf\u00e9 rare et recherch\u00e9 : le <strong>Tanzanie Peaberry<\/strong>, un grain naturellement<strong> rond et unique<\/strong>, form\u00e9 lorsqu\u2019une seule graine se d\u00e9veloppe dans la cerise au lieu de deux. Cette particularit\u00e9 lui conf\u00e8re une concentration <strong>aromatique exceptionnelle et une intensit\u00e9 remarquable en tasse.<\/strong><\/p>\n<p>Issu des pentes fertiles du <strong>Mont Kilimandjaro<\/strong>, ce Peaberry b\u00e9n\u00e9ficie d\u2019un terroir volcanique riche et d\u2019une altitude id\u00e9ale, offrant un caf\u00e9 vibrant, <strong>profond et parfaitement \u00e9quilibr\u00e9.<\/strong> Sa torr\u00e9faction noire r\u00e9v\u00e8le des notes intenses de cacao, d\u2019\u00e9pices douces et de fruits noirs.<\/p>\n<p>Un caf\u00e9 noble, singulier et puissant \u2014 <strong>l\u2019expression la plus pure du Kilimandjaro dans votre tasse<\/strong>.<\/p>\n","protected":false},"excerpt":{"rendered":"<p>Un caf\u00e9 rare et singulier, compos\u00e9 de <strong>grains Peaberry naturellement ronds,<\/strong> form\u00e9s lorsqu\u2019une seule graine se d\u00e9veloppe dans la cerise. Issu des pentes volcaniques du Mont Kilimandjaro, il offre une intensit\u00e9 remarquable, des <strong>notes de cacao, d\u2019\u00e9pices et de fruits noirs<\/strong>. Un caf\u00e9 noble et puissant \u2014 l\u2019expression la plus pure du Kilimandjaro.<\/p>\n<p>&nbsp;<\/p>\n<div><\/div>\n<div><\/div>\n<p>&nbsp;<\/p>\n<p>&nbsp;<\/p>\n","protected":false},"featured_media":605,"comment_status":"open","ping_status":"closed","template":"","meta":{"_et_pb_use_builder":"","_et_pb_old_content":"","_et_gb_content_width":""},"product_brand":[],"product_cat":[26,23],"product_tag":[],"class_list":{"0":"post-218","1":"product","2":"type-product","3":"status-publish","4":"has-post-thumbnail","6":"product_cat-cafe-dorigine","7":"product_cat-cafe-noir","9":"first","10":"instock","11":"shipping-taxable","12":"purchasable","13":"product-type-variable","14":"has-default-attributes"},"yoast_head":"<!-- This site is optimized with the Yoast SEO plugin v27.4 - https:\/\/yoast.com\/product\/yoast-seo-wordpress\/ -->\n<title>Tanzanie Peaberry Noir - Caf\u00e9 Summum<\/title>\n<meta name=\"robots\" content=\"index, follow, max-snippet:-1, max-image-preview:large, max-video-preview:-1\" \/>\n<link rel=\"canonical\" href=\"https:\/\/cafesummum.com\/produit\/tanzanie-peaberry-noir\/\" \/>\n<meta property=\"og:locale\" content=\"en_US\" \/>\n<meta property=\"og:type\" content=\"article\" \/>\n<meta property=\"og:title\" content=\"Tanzanie Peaberry Noir - Caf\u00e9 Summum\" \/>\n<meta property=\"og:description\" content=\"Un caf\u00e9 rare et singulier, compos\u00e9 de grains Peaberry naturellement ronds, form\u00e9s lorsqu\u2019une seule graine se d\u00e9veloppe dans la cerise. Issu des pentes volcaniques du Mont Kilimandjaro, il offre une intensit\u00e9 remarquable, des notes de cacao, d\u2019\u00e9pices et de fruits noirs. Un caf\u00e9 noble et puissant \u2014 l\u2019expression la plus pure du Kilimandjaro.  &nbsp;   &nbsp;  &nbsp;\" \/>\n<meta property=\"og:url\" content=\"https:\/\/cafesummum.com\/produit\/tanzanie-peaberry-noir\/\" \/>\n<meta property=\"og:site_name\" content=\"Caf\u00e9 Summum\" \/>\n<meta property=\"article:publisher\" content=\"https:\/\/www.facebook.com\/cafe.summum\" \/>\n<meta property=\"article:modified_time\" content=\"2026-04-02T03:37:20+00:00\" \/>\n<meta property=\"og:image\" content=\"https:\/\/cafesummum.com\/wp-content\/uploads\/2026\/03\/TanzPNoir.jpg\" \/>\n\t<meta property=\"og:image:width\" content=\"1529\" \/>\n\t<meta property=\"og:image:height\" content=\"1483\" \/>\n\t<meta property=\"og:image:type\" content=\"image\/jpeg\" \/>\n<meta name=\"twitter:card\" content=\"summary_large_image\" \/>\n<meta name=\"twitter:label1\" content=\"Est. reading time\" \/>\n\t<meta name=\"twitter:data1\" content=\"1 minute\" \/>\n<script type=\"application\/ld+json\" class=\"yoast-schema-graph\">{\"@context\":\"https:\\\/\\\/schema.org\",\"@graph\":[{\"@type\":\"WebPage\",\"@id\":\"https:\\\/\\\/cafesummum.com\\\/produit\\\/tanzanie-peaberry-noir\\\/\",\"url\":\"https:\\\/\\\/cafesummum.com\\\/produit\\\/tanzanie-peaberry-noir\\\/\",\"name\":\"Tanzanie Peaberry Noir - Caf\u00e9 Summum\",\"isPartOf\":{\"@id\":\"https:\\\/\\\/cafesummum.com\\\/#website\"},\"primaryImageOfPage\":{\"@id\":\"https:\\\/\\\/cafesummum.com\\\/produit\\\/tanzanie-peaberry-noir\\\/#primaryimage\"},\"image\":{\"@id\":\"https:\\\/\\\/cafesummum.com\\\/produit\\\/tanzanie-peaberry-noir\\\/#primaryimage\"},\"thumbnailUrl\":\"https:\\\/\\\/cafesummum.com\\\/wp-content\\\/uploads\\\/2026\\\/03\\\/TanzPNoir.jpg\",\"datePublished\":\"2025-12-01T21:05:23+00:00\",\"dateModified\":\"2026-04-02T03:37:20+00:00\",\"breadcrumb\":{\"@id\":\"https:\\\/\\\/cafesummum.com\\\/produit\\\/tanzanie-peaberry-noir\\\/#breadcrumb\"},\"inLanguage\":\"en-US\",\"potentialAction\":[{\"@type\":\"ReadAction\",\"target\":[\"https:\\\/\\\/cafesummum.com\\\/produit\\\/tanzanie-peaberry-noir\\\/\"]}]},{\"@type\":\"ImageObject\",\"inLanguage\":\"en-US\",\"@id\":\"https:\\\/\\\/cafesummum.com\\\/produit\\\/tanzanie-peaberry-noir\\\/#primaryimage\",\"url\":\"https:\\\/\\\/cafesummum.com\\\/wp-content\\\/uploads\\\/2026\\\/03\\\/TanzPNoir.jpg\",\"contentUrl\":\"https:\\\/\\\/cafesummum.com\\\/wp-content\\\/uploads\\\/2026\\\/03\\\/TanzPNoir.jpg\",\"width\":1529,\"height\":1483},{\"@type\":\"BreadcrumbList\",\"@id\":\"https:\\\/\\\/cafesummum.com\\\/produit\\\/tanzanie-peaberry-noir\\\/#breadcrumb\",\"itemListElement\":[{\"@type\":\"ListItem\",\"position\":1,\"name\":\"Accueil\",\"item\":\"https:\\\/\\\/cafesummum.com\\\/\"},{\"@type\":\"ListItem\",\"position\":2,\"name\":\"Boutique\",\"item\":\"https:\\\/\\\/cafesummum.com\\\/boutique\\\/\"},{\"@type\":\"ListItem\",\"position\":3,\"name\":\"Tanzanie Peaberry Noir\"}]},{\"@type\":\"WebSite\",\"@id\":\"https:\\\/\\\/cafesummum.com\\\/#website\",\"url\":\"https:\\\/\\\/cafesummum.com\\\/\",\"name\":\"Caf\u00e9 Summum\",\"description\":\"Offrez-vous le Summum, depuis 25 ans\",\"publisher\":{\"@id\":\"https:\\\/\\\/cafesummum.com\\\/#organization\"},\"alternateName\":\"Caf\u00e9 Summum\",\"potentialAction\":[{\"@type\":\"SearchAction\",\"target\":{\"@type\":\"EntryPoint\",\"urlTemplate\":\"https:\\\/\\\/cafesummum.com\\\/?s={search_term_string}\"},\"query-input\":{\"@type\":\"PropertyValueSpecification\",\"valueRequired\":true,\"valueName\":\"search_term_string\"}}],\"inLanguage\":\"en-US\"},{\"@type\":\"Organization\",\"@id\":\"https:\\\/\\\/cafesummum.com\\\/#organization\",\"name\":\"Caf\u00e9 Summum\",\"url\":\"https:\\\/\\\/cafesummum.com\\\/\",\"logo\":{\"@type\":\"ImageObject\",\"inLanguage\":\"en-US\",\"@id\":\"https:\\\/\\\/cafesummum.com\\\/#\\\/schema\\\/logo\\\/image\\\/\",\"url\":\"https:\\\/\\\/cafesummum.com\\\/wp-content\\\/uploads\\\/2026\\\/01\\\/logo.png\",\"contentUrl\":\"https:\\\/\\\/cafesummum.com\\\/wp-content\\\/uploads\\\/2026\\\/01\\\/logo.png\",\"width\":339,\"height\":201,\"caption\":\"Caf\u00e9 Summum\"},\"image\":{\"@id\":\"https:\\\/\\\/cafesummum.com\\\/#\\\/schema\\\/logo\\\/image\\\/\"},\"sameAs\":[\"https:\\\/\\\/www.facebook.com\\\/cafe.summum\"]}]}<\/script>\n<!-- \/ Yoast SEO plugin. -->","yoast_head_json":{"title":"Tanzanie Peaberry Noir - Caf\u00e9 Summum","robots":{"index":"index","follow":"follow","max-snippet":"max-snippet:-1","max-image-preview":"max-image-preview:large","max-video-preview":"max-video-preview:-1"},"canonical":"https:\/\/cafesummum.com\/produit\/tanzanie-peaberry-noir\/","og_locale":"en_US","og_type":"article","og_title":"Tanzanie Peaberry Noir - Caf\u00e9 Summum","og_description":"Un caf\u00e9 rare et singulier, compos\u00e9 de grains Peaberry naturellement ronds, form\u00e9s lorsqu\u2019une seule graine se d\u00e9veloppe dans la cerise. Issu des pentes volcaniques du Mont Kilimandjaro, il offre une intensit\u00e9 remarquable, des notes de cacao, d\u2019\u00e9pices et de fruits noirs. Un caf\u00e9 noble et puissant \u2014 l\u2019expression la plus pure du Kilimandjaro.  &nbsp;   &nbsp;  &nbsp;","og_url":"https:\/\/cafesummum.com\/produit\/tanzanie-peaberry-noir\/","og_site_name":"Caf\u00e9 Summum","article_publisher":"https:\/\/www.facebook.com\/cafe.summum","article_modified_time":"2026-04-02T03:37:20+00:00","og_image":[{"width":1529,"height":1483,"url":"https:\/\/cafesummum.com\/wp-content\/uploads\/2026\/03\/TanzPNoir.jpg","type":"image\/jpeg"}],"twitter_card":"summary_large_image","twitter_misc":{"Est. reading time":"1 minute"},"schema":{"@context":"https:\/\/schema.org","@graph":[{"@type":"WebPage","@id":"https:\/\/cafesummum.com\/produit\/tanzanie-peaberry-noir\/","url":"https:\/\/cafesummum.com\/produit\/tanzanie-peaberry-noir\/","name":"Tanzanie Peaberry Noir - Caf\u00e9 Summum","isPartOf":{"@id":"https:\/\/cafesummum.com\/#website"},"primaryImageOfPage":{"@id":"https:\/\/cafesummum.com\/produit\/tanzanie-peaberry-noir\/#primaryimage"},"image":{"@id":"https:\/\/cafesummum.com\/produit\/tanzanie-peaberry-noir\/#primaryimage"},"thumbnailUrl":"https:\/\/cafesummum.com\/wp-content\/uploads\/2026\/03\/TanzPNoir.jpg","datePublished":"2025-12-01T21:05:23+00:00","dateModified":"2026-04-02T03:37:20+00:00","breadcrumb":{"@id":"https:\/\/cafesummum.com\/produit\/tanzanie-peaberry-noir\/#breadcrumb"},"inLanguage":"en-US","potentialAction":[{"@type":"ReadAction","target":["https:\/\/cafesummum.com\/produit\/tanzanie-peaberry-noir\/"]}]},{"@type":"ImageObject","inLanguage":"en-US","@id":"https:\/\/cafesummum.com\/produit\/tanzanie-peaberry-noir\/#primaryimage","url":"https:\/\/cafesummum.com\/wp-content\/uploads\/2026\/03\/TanzPNoir.jpg","contentUrl":"https:\/\/cafesummum.com\/wp-content\/uploads\/2026\/03\/TanzPNoir.jpg","width":1529,"height":1483},{"@type":"BreadcrumbList","@id":"https:\/\/cafesummum.com\/produit\/tanzanie-peaberry-noir\/#breadcrumb","itemListElement":[{"@type":"ListItem","position":1,"name":"Accueil","item":"https:\/\/cafesummum.com\/"},{"@type":"ListItem","position":2,"name":"Boutique","item":"https:\/\/cafesummum.com\/boutique\/"},{"@type":"ListItem","position":3,"name":"Tanzanie Peaberry Noir"}]},{"@type":"WebSite","@id":"https:\/\/cafesummum.com\/#website","url":"https:\/\/cafesummum.com\/","name":"Caf\u00e9 Summum","description":"Offrez-vous le Summum, depuis 25 ans","publisher":{"@id":"https:\/\/cafesummum.com\/#organization"},"alternateName":"Caf\u00e9 Summum","potentialAction":[{"@type":"SearchAction","target":{"@type":"EntryPoint","urlTemplate":"https:\/\/cafesummum.com\/?s={search_term_string}"},"query-input":{"@type":"PropertyValueSpecification","valueRequired":true,"valueName":"search_term_string"}}],"inLanguage":"en-US"},{"@type":"Organization","@id":"https:\/\/cafesummum.com\/#organization","name":"Caf\u00e9 Summum","url":"https:\/\/cafesummum.com\/","logo":{"@type":"ImageObject","inLanguage":"en-US","@id":"https:\/\/cafesummum.com\/#\/schema\/logo\/image\/","url":"https:\/\/cafesummum.com\/wp-content\/uploads\/2026\/01\/logo.png","contentUrl":"https:\/\/cafesummum.com\/wp-content\/uploads\/2026\/01\/logo.png","width":339,"height":201,"caption":"Caf\u00e9 Summum"},"image":{"@id":"https:\/\/cafesummum.com\/#\/schema\/logo\/image\/"},"sameAs":["https:\/\/www.facebook.com\/cafe.summum"]}]}},"_links":{"self":[{"href":"https:\/\/cafesummum.com\/en\/wp-json\/wp\/v2\/product\/218","targetHints":{"allow":["GET"]}}],"collection":[{"href":"https:\/\/cafesummum.com\/en\/wp-json\/wp\/v2\/product"}],"about":[{"href":"https:\/\/cafesummum.com\/en\/wp-json\/wp\/v2\/types\/product"}],"replies":[{"embeddable":true,"href":"https:\/\/cafesummum.com\/en\/wp-json\/wp\/v2\/comments?post=218"}],"wp:featuredmedia":[{"embeddable":true,"href":"https:\/\/cafesummum.com\/en\/wp-json\/wp\/v2\/media\/605"}],"wp:attachment":[{"href":"https:\/\/cafesummum.com\/en\/wp-json\/wp\/v2\/media?parent=218"}],"wp:term":[{"taxonomy":"product_brand","embeddable":true,"href":"https:\/\/cafesummum.com\/en\/wp-json\/wp\/v2\/product_brand?post=218"},{"taxonomy":"product_cat","embeddable":true,"href":"https:\/\/cafesummum.com\/en\/wp-json\/wp\/v2\/product_cat?post=218"},{"taxonomy":"product_tag","embeddable":true,"href":"https:\/\/cafesummum.com\/en\/wp-json\/wp\/v2\/product_tag?post=218"}],"curies":[{"name":"wp","href":"https:\/\/api.w.org\/{rel}","templated":true}]}}