{"id":247,"date":"2025-12-01T16:50:07","date_gmt":"2025-12-01T21:50:07","guid":{"rendered":"https:\/\/cafesummum.com\/?post_type=product&#038;p=247"},"modified":"2026-04-01T23:37:20","modified_gmt":"2026-04-02T03:37:20","slug":"colombien-noir-decafeine","status":"publish","type":"product","link":"https:\/\/cafesummum.com\/en\/produit\/colombien-noir-decafeine\/","title":{"rendered":"Colombien Noir D\u00e9caf\u00e9in\u00e9"},"content":{"rendered":"<h3><strong>Colombien D\u00e9caf\u00e9in\u00e9 Noir (Proc\u00e9d\u00e9 Canne \u00e0 Sucre)<\/strong><\/h3>\n<p>D\u00e9couvrez un d\u00e9caf\u00e9in\u00e9 d\u2019exception, issu des montagnes colombiennes et trait\u00e9 selon la prestigieuse m\u00e9thode <strong>EA Sugarcane<\/strong>, un proc\u00e9d\u00e9 naturel utilisant l\u2019essence de la canne \u00e0 sucre. Cette technique douce pr\u00e9serve l\u2019int\u00e9grit\u00e9 du grain et magnifie ses ar\u00f4mes, offrant un caf\u00e9 d\u00e9caf\u00e9in\u00e9 au go\u00fbt \u00e9tonnamment riche et authentique.<\/p>\n<p>Sa <strong>torr\u00e9faction noire<\/strong> r\u00e9v\u00e8le une tasse profonde, velout\u00e9e et parfaitement \u00e9quilibr\u00e9e, avec <strong>des notes de cacao, de caramel brun<\/strong> et une finale chaleureuse. Un caf\u00e9 noble, raffin\u00e9 et incroyablement savoureux \u2014 <strong>sans compromis sur le plaisir, ni sur l\u2019intensit\u00e9!<\/strong><\/p>\n","protected":false},"excerpt":{"rendered":"<p>Un d\u00e9caf\u00e9in\u00e9 colombien d\u2019exception,<strong>trait\u00e9 naturellement gr\u00e2ce \u00e0 la canne \u00e0 sucre<\/strong>. Une m\u00e9thode douce qui pr\u00e9serve toute la richesse aromatique. Tasse profonde, <strong>notes de cacao et caramel<\/strong> \u2014 intensit\u00e9 intacte, sans caf\u00e9ine.<\/p>\n<div><\/div>\n<div><\/div>\n<p>&nbsp;<\/p>\n","protected":false},"featured_media":622,"comment_status":"open","ping_status":"closed","template":"","meta":{"_et_pb_use_builder":"","_et_pb_old_content":"","_et_gb_content_width":""},"product_brand":[],"product_cat":[26,23,24],"product_tag":[],"class_list":{"0":"post-247","1":"product","2":"type-product","3":"status-publish","4":"has-post-thumbnail","6":"product_cat-cafe-dorigine","7":"product_cat-cafe-noir","8":"product_cat-decafeine","10":"first","11":"instock","12":"shipping-taxable","13":"purchasable","14":"product-type-variable","15":"has-default-attributes"},"yoast_head":"<!-- This site is optimized with the Yoast SEO plugin v27.4 - https:\/\/yoast.com\/product\/yoast-seo-wordpress\/ -->\n<title>Colombien Noir D\u00e9caf\u00e9in\u00e9 - Caf\u00e9 Summum<\/title>\n<meta name=\"robots\" content=\"index, follow, max-snippet:-1, max-image-preview:large, max-video-preview:-1\" \/>\n<link rel=\"canonical\" href=\"https:\/\/cafesummum.com\/produit\/colombien-noir-decafeine\/\" \/>\n<meta property=\"og:locale\" content=\"en_US\" \/>\n<meta property=\"og:type\" content=\"article\" \/>\n<meta property=\"og:title\" content=\"Colombien Noir D\u00e9caf\u00e9in\u00e9 - Caf\u00e9 Summum\" \/>\n<meta property=\"og:description\" content=\"Un d\u00e9caf\u00e9in\u00e9 colombien d\u2019exception,trait\u00e9 naturellement gr\u00e2ce \u00e0 la canne \u00e0 sucre. Une m\u00e9thode douce qui pr\u00e9serve toute la richesse aromatique. Tasse profonde, notes de cacao et caramel \u2014 intensit\u00e9 intacte, sans caf\u00e9ine.   &nbsp;\" \/>\n<meta property=\"og:url\" content=\"https:\/\/cafesummum.com\/produit\/colombien-noir-decafeine\/\" \/>\n<meta property=\"og:site_name\" content=\"Caf\u00e9 Summum\" \/>\n<meta property=\"article:publisher\" content=\"https:\/\/www.facebook.com\/cafe.summum\" \/>\n<meta property=\"article:modified_time\" content=\"2026-04-02T03:37:20+00:00\" \/>\n<meta property=\"og:image\" content=\"https:\/\/cafesummum.com\/wp-content\/uploads\/2026\/03\/Decaf.jpg\" \/>\n\t<meta property=\"og:image:width\" content=\"1321\" \/>\n\t<meta property=\"og:image:height\" content=\"1314\" \/>\n\t<meta property=\"og:image:type\" content=\"image\/jpeg\" \/>\n<meta name=\"twitter:card\" content=\"summary_large_image\" \/>\n<meta name=\"twitter:label1\" content=\"Est. reading time\" \/>\n\t<meta name=\"twitter:data1\" content=\"1 minute\" \/>\n<script type=\"application\/ld+json\" class=\"yoast-schema-graph\">{\"@context\":\"https:\\\/\\\/schema.org\",\"@graph\":[{\"@type\":\"WebPage\",\"@id\":\"https:\\\/\\\/cafesummum.com\\\/produit\\\/colombien-noir-decafeine\\\/\",\"url\":\"https:\\\/\\\/cafesummum.com\\\/produit\\\/colombien-noir-decafeine\\\/\",\"name\":\"Colombien Noir D\u00e9caf\u00e9in\u00e9 - Caf\u00e9 Summum\",\"isPartOf\":{\"@id\":\"https:\\\/\\\/cafesummum.com\\\/#website\"},\"primaryImageOfPage\":{\"@id\":\"https:\\\/\\\/cafesummum.com\\\/produit\\\/colombien-noir-decafeine\\\/#primaryimage\"},\"image\":{\"@id\":\"https:\\\/\\\/cafesummum.com\\\/produit\\\/colombien-noir-decafeine\\\/#primaryimage\"},\"thumbnailUrl\":\"https:\\\/\\\/cafesummum.com\\\/wp-content\\\/uploads\\\/2026\\\/03\\\/Decaf.jpg\",\"datePublished\":\"2025-12-01T21:50:07+00:00\",\"dateModified\":\"2026-04-02T03:37:20+00:00\",\"breadcrumb\":{\"@id\":\"https:\\\/\\\/cafesummum.com\\\/produit\\\/colombien-noir-decafeine\\\/#breadcrumb\"},\"inLanguage\":\"en-US\",\"potentialAction\":[{\"@type\":\"ReadAction\",\"target\":[\"https:\\\/\\\/cafesummum.com\\\/produit\\\/colombien-noir-decafeine\\\/\"]}]},{\"@type\":\"ImageObject\",\"inLanguage\":\"en-US\",\"@id\":\"https:\\\/\\\/cafesummum.com\\\/produit\\\/colombien-noir-decafeine\\\/#primaryimage\",\"url\":\"https:\\\/\\\/cafesummum.com\\\/wp-content\\\/uploads\\\/2026\\\/03\\\/Decaf.jpg\",\"contentUrl\":\"https:\\\/\\\/cafesummum.com\\\/wp-content\\\/uploads\\\/2026\\\/03\\\/Decaf.jpg\",\"width\":1321,\"height\":1314},{\"@type\":\"BreadcrumbList\",\"@id\":\"https:\\\/\\\/cafesummum.com\\\/produit\\\/colombien-noir-decafeine\\\/#breadcrumb\",\"itemListElement\":[{\"@type\":\"ListItem\",\"position\":1,\"name\":\"Accueil\",\"item\":\"https:\\\/\\\/cafesummum.com\\\/\"},{\"@type\":\"ListItem\",\"position\":2,\"name\":\"Boutique\",\"item\":\"https:\\\/\\\/cafesummum.com\\\/boutique\\\/\"},{\"@type\":\"ListItem\",\"position\":3,\"name\":\"Colombien Noir D\u00e9caf\u00e9in\u00e9\"}]},{\"@type\":\"WebSite\",\"@id\":\"https:\\\/\\\/cafesummum.com\\\/#website\",\"url\":\"https:\\\/\\\/cafesummum.com\\\/\",\"name\":\"Caf\u00e9 Summum\",\"description\":\"Offrez-vous le Summum, depuis 25 ans\",\"publisher\":{\"@id\":\"https:\\\/\\\/cafesummum.com\\\/#organization\"},\"alternateName\":\"Caf\u00e9 Summum\",\"potentialAction\":[{\"@type\":\"SearchAction\",\"target\":{\"@type\":\"EntryPoint\",\"urlTemplate\":\"https:\\\/\\\/cafesummum.com\\\/?s={search_term_string}\"},\"query-input\":{\"@type\":\"PropertyValueSpecification\",\"valueRequired\":true,\"valueName\":\"search_term_string\"}}],\"inLanguage\":\"en-US\"},{\"@type\":\"Organization\",\"@id\":\"https:\\\/\\\/cafesummum.com\\\/#organization\",\"name\":\"Caf\u00e9 Summum\",\"url\":\"https:\\\/\\\/cafesummum.com\\\/\",\"logo\":{\"@type\":\"ImageObject\",\"inLanguage\":\"en-US\",\"@id\":\"https:\\\/\\\/cafesummum.com\\\/#\\\/schema\\\/logo\\\/image\\\/\",\"url\":\"https:\\\/\\\/cafesummum.com\\\/wp-content\\\/uploads\\\/2026\\\/01\\\/logo.png\",\"contentUrl\":\"https:\\\/\\\/cafesummum.com\\\/wp-content\\\/uploads\\\/2026\\\/01\\\/logo.png\",\"width\":339,\"height\":201,\"caption\":\"Caf\u00e9 Summum\"},\"image\":{\"@id\":\"https:\\\/\\\/cafesummum.com\\\/#\\\/schema\\\/logo\\\/image\\\/\"},\"sameAs\":[\"https:\\\/\\\/www.facebook.com\\\/cafe.summum\"]}]}<\/script>\n<!-- \/ Yoast SEO plugin. -->","yoast_head_json":{"title":"Colombien Noir D\u00e9caf\u00e9in\u00e9 - Caf\u00e9 Summum","robots":{"index":"index","follow":"follow","max-snippet":"max-snippet:-1","max-image-preview":"max-image-preview:large","max-video-preview":"max-video-preview:-1"},"canonical":"https:\/\/cafesummum.com\/produit\/colombien-noir-decafeine\/","og_locale":"en_US","og_type":"article","og_title":"Colombien Noir D\u00e9caf\u00e9in\u00e9 - Caf\u00e9 Summum","og_description":"Un d\u00e9caf\u00e9in\u00e9 colombien d\u2019exception,trait\u00e9 naturellement gr\u00e2ce \u00e0 la canne \u00e0 sucre. Une m\u00e9thode douce qui pr\u00e9serve toute la richesse aromatique. Tasse profonde, notes de cacao et caramel \u2014 intensit\u00e9 intacte, sans caf\u00e9ine.   &nbsp;","og_url":"https:\/\/cafesummum.com\/produit\/colombien-noir-decafeine\/","og_site_name":"Caf\u00e9 Summum","article_publisher":"https:\/\/www.facebook.com\/cafe.summum","article_modified_time":"2026-04-02T03:37:20+00:00","og_image":[{"width":1321,"height":1314,"url":"https:\/\/cafesummum.com\/wp-content\/uploads\/2026\/03\/Decaf.jpg","type":"image\/jpeg"}],"twitter_card":"summary_large_image","twitter_misc":{"Est. reading time":"1 minute"},"schema":{"@context":"https:\/\/schema.org","@graph":[{"@type":"WebPage","@id":"https:\/\/cafesummum.com\/produit\/colombien-noir-decafeine\/","url":"https:\/\/cafesummum.com\/produit\/colombien-noir-decafeine\/","name":"Colombien Noir D\u00e9caf\u00e9in\u00e9 - Caf\u00e9 Summum","isPartOf":{"@id":"https:\/\/cafesummum.com\/#website"},"primaryImageOfPage":{"@id":"https:\/\/cafesummum.com\/produit\/colombien-noir-decafeine\/#primaryimage"},"image":{"@id":"https:\/\/cafesummum.com\/produit\/colombien-noir-decafeine\/#primaryimage"},"thumbnailUrl":"https:\/\/cafesummum.com\/wp-content\/uploads\/2026\/03\/Decaf.jpg","datePublished":"2025-12-01T21:50:07+00:00","dateModified":"2026-04-02T03:37:20+00:00","breadcrumb":{"@id":"https:\/\/cafesummum.com\/produit\/colombien-noir-decafeine\/#breadcrumb"},"inLanguage":"en-US","potentialAction":[{"@type":"ReadAction","target":["https:\/\/cafesummum.com\/produit\/colombien-noir-decafeine\/"]}]},{"@type":"ImageObject","inLanguage":"en-US","@id":"https:\/\/cafesummum.com\/produit\/colombien-noir-decafeine\/#primaryimage","url":"https:\/\/cafesummum.com\/wp-content\/uploads\/2026\/03\/Decaf.jpg","contentUrl":"https:\/\/cafesummum.com\/wp-content\/uploads\/2026\/03\/Decaf.jpg","width":1321,"height":1314},{"@type":"BreadcrumbList","@id":"https:\/\/cafesummum.com\/produit\/colombien-noir-decafeine\/#breadcrumb","itemListElement":[{"@type":"ListItem","position":1,"name":"Accueil","item":"https:\/\/cafesummum.com\/"},{"@type":"ListItem","position":2,"name":"Boutique","item":"https:\/\/cafesummum.com\/boutique\/"},{"@type":"ListItem","position":3,"name":"Colombien Noir D\u00e9caf\u00e9in\u00e9"}]},{"@type":"WebSite","@id":"https:\/\/cafesummum.com\/#website","url":"https:\/\/cafesummum.com\/","name":"Caf\u00e9 Summum","description":"Offrez-vous le Summum, depuis 25 ans","publisher":{"@id":"https:\/\/cafesummum.com\/#organization"},"alternateName":"Caf\u00e9 Summum","potentialAction":[{"@type":"SearchAction","target":{"@type":"EntryPoint","urlTemplate":"https:\/\/cafesummum.com\/?s={search_term_string}"},"query-input":{"@type":"PropertyValueSpecification","valueRequired":true,"valueName":"search_term_string"}}],"inLanguage":"en-US"},{"@type":"Organization","@id":"https:\/\/cafesummum.com\/#organization","name":"Caf\u00e9 Summum","url":"https:\/\/cafesummum.com\/","logo":{"@type":"ImageObject","inLanguage":"en-US","@id":"https:\/\/cafesummum.com\/#\/schema\/logo\/image\/","url":"https:\/\/cafesummum.com\/wp-content\/uploads\/2026\/01\/logo.png","contentUrl":"https:\/\/cafesummum.com\/wp-content\/uploads\/2026\/01\/logo.png","width":339,"height":201,"caption":"Caf\u00e9 Summum"},"image":{"@id":"https:\/\/cafesummum.com\/#\/schema\/logo\/image\/"},"sameAs":["https:\/\/www.facebook.com\/cafe.summum"]}]}},"_links":{"self":[{"href":"https:\/\/cafesummum.com\/en\/wp-json\/wp\/v2\/product\/247","targetHints":{"allow":["GET"]}}],"collection":[{"href":"https:\/\/cafesummum.com\/en\/wp-json\/wp\/v2\/product"}],"about":[{"href":"https:\/\/cafesummum.com\/en\/wp-json\/wp\/v2\/types\/product"}],"replies":[{"embeddable":true,"href":"https:\/\/cafesummum.com\/en\/wp-json\/wp\/v2\/comments?post=247"}],"wp:featuredmedia":[{"embeddable":true,"href":"https:\/\/cafesummum.com\/en\/wp-json\/wp\/v2\/media\/622"}],"wp:attachment":[{"href":"https:\/\/cafesummum.com\/en\/wp-json\/wp\/v2\/media?parent=247"}],"wp:term":[{"taxonomy":"product_brand","embeddable":true,"href":"https:\/\/cafesummum.com\/en\/wp-json\/wp\/v2\/product_brand?post=247"},{"taxonomy":"product_cat","embeddable":true,"href":"https:\/\/cafesummum.com\/en\/wp-json\/wp\/v2\/product_cat?post=247"},{"taxonomy":"product_tag","embeddable":true,"href":"https:\/\/cafesummum.com\/en\/wp-json\/wp\/v2\/product_tag?post=247"}],"curies":[{"name":"wp","href":"https:\/\/api.w.org\/{rel}","templated":true}]}}