{"id":381,"date":"2026-02-04T16:39:32","date_gmt":"2026-02-04T21:39:32","guid":{"rendered":"https:\/\/cafesummum.com\/?post_type=product&#038;p=381"},"modified":"2026-04-01T23:37:19","modified_gmt":"2026-04-02T03:37:19","slug":"papouasie-nouvelle-guinee-sigrie","status":"publish","type":"product","link":"https:\/\/cafesummum.com\/en\/produit\/papouasie-nouvelle-guinee-sigrie\/","title":{"rendered":"Papouasie Nouvelle Guin\u00e9e Sigrie"},"content":{"rendered":"<h3><strong>Papouasie Nouvelle Guin\u00e9e Sigri Torr\u00e9faction Noire<\/strong><\/h3>\n<p>Caf\u00e9 Summum d\u00e9voile un Sigri d\u2019exception, issu des <strong>hauts plateaux de Papouasie\u2013Nouvelle\u2011Guin\u00e9e<\/strong>. Sa torr\u00e9faction noire r\u00e9v\u00e8le des <strong>notes profondes de cacao, d\u2019\u00e9pices fines et de bois noble,<\/strong> port\u00e9es par une <strong>texture riche et velout\u00e9e.<\/strong> Un caf\u00e9 rare, puissant et raffin\u00e9, destin\u00e9 aux <strong>amateurs d\u2019espressos au caract\u00e8re exotique et parfaitement ma\u00eetris\u00e9.<\/strong><\/p>\n","protected":false},"excerpt":{"rendered":"<p>Sa torr\u00e9faction noire r\u00e9v\u00e8le des <strong>notes profondes de cacao, d\u2019\u00e9pices fines et de bois noble,<\/strong> port\u00e9es par une <strong>texture riche et velout\u00e9e.<\/strong> Un caf\u00e9 rare, puissant et raffin\u00e9, destin\u00e9 aux <strong>amateurs d\u2019espressos au caract\u00e8re exotique et parfaitement ma\u00eetris\u00e9.<\/strong><\/p>\n","protected":false},"featured_media":617,"comment_status":"open","ping_status":"closed","template":"","meta":{"_et_pb_use_builder":"","_et_pb_old_content":"","_et_gb_content_width":""},"product_brand":[],"product_cat":[26,23],"product_tag":[],"class_list":{"0":"post-381","1":"product","2":"type-product","3":"status-publish","4":"has-post-thumbnail","6":"product_cat-cafe-dorigine","7":"product_cat-cafe-noir","9":"first","10":"instock","11":"shipping-taxable","12":"purchasable","13":"product-type-variable","14":"has-default-attributes"},"yoast_head":"<!-- This site is optimized with the Yoast SEO plugin v27.4 - https:\/\/yoast.com\/product\/yoast-seo-wordpress\/ -->\n<title>Papouasie Nouvelle Guin\u00e9e Sigrie - Caf\u00e9 Summum<\/title>\n<meta name=\"robots\" content=\"index, follow, max-snippet:-1, max-image-preview:large, max-video-preview:-1\" \/>\n<link rel=\"canonical\" href=\"https:\/\/cafesummum.com\/produit\/papouasie-nouvelle-guinee-sigrie\/\" \/>\n<meta property=\"og:locale\" content=\"en_US\" \/>\n<meta property=\"og:type\" content=\"article\" \/>\n<meta property=\"og:title\" content=\"Papouasie Nouvelle Guin\u00e9e Sigrie - Caf\u00e9 Summum\" \/>\n<meta property=\"og:description\" content=\"Sa torr\u00e9faction noire r\u00e9v\u00e8le des notes profondes de cacao, d\u2019\u00e9pices fines et de bois noble, port\u00e9es par une texture riche et velout\u00e9e. Un caf\u00e9 rare, puissant et raffin\u00e9, destin\u00e9 aux amateurs d\u2019espressos au caract\u00e8re exotique et parfaitement ma\u00eetris\u00e9.\" \/>\n<meta property=\"og:url\" content=\"https:\/\/cafesummum.com\/produit\/papouasie-nouvelle-guinee-sigrie\/\" \/>\n<meta property=\"og:site_name\" content=\"Caf\u00e9 Summum\" \/>\n<meta property=\"article:publisher\" content=\"https:\/\/www.facebook.com\/cafe.summum\" \/>\n<meta property=\"article:modified_time\" content=\"2026-04-02T03:37:19+00:00\" \/>\n<meta property=\"og:image\" content=\"https:\/\/cafesummum.com\/wp-content\/uploads\/2026\/03\/PapouasieN.jpg\" \/>\n\t<meta property=\"og:image:width\" content=\"1109\" \/>\n\t<meta property=\"og:image:height\" content=\"1101\" \/>\n\t<meta property=\"og:image:type\" content=\"image\/jpeg\" \/>\n<meta name=\"twitter:card\" content=\"summary_large_image\" \/>\n<meta name=\"twitter:label1\" content=\"Est. reading time\" \/>\n\t<meta name=\"twitter:data1\" content=\"1 minute\" \/>\n<script type=\"application\/ld+json\" class=\"yoast-schema-graph\">{\"@context\":\"https:\\\/\\\/schema.org\",\"@graph\":[{\"@type\":\"WebPage\",\"@id\":\"https:\\\/\\\/cafesummum.com\\\/produit\\\/papouasie-nouvelle-guinee-sigrie\\\/\",\"url\":\"https:\\\/\\\/cafesummum.com\\\/produit\\\/papouasie-nouvelle-guinee-sigrie\\\/\",\"name\":\"Papouasie Nouvelle Guin\u00e9e Sigrie - Caf\u00e9 Summum\",\"isPartOf\":{\"@id\":\"https:\\\/\\\/cafesummum.com\\\/#website\"},\"primaryImageOfPage\":{\"@id\":\"https:\\\/\\\/cafesummum.com\\\/produit\\\/papouasie-nouvelle-guinee-sigrie\\\/#primaryimage\"},\"image\":{\"@id\":\"https:\\\/\\\/cafesummum.com\\\/produit\\\/papouasie-nouvelle-guinee-sigrie\\\/#primaryimage\"},\"thumbnailUrl\":\"https:\\\/\\\/cafesummum.com\\\/wp-content\\\/uploads\\\/2026\\\/03\\\/PapouasieN.jpg\",\"datePublished\":\"2026-02-04T21:39:32+00:00\",\"dateModified\":\"2026-04-02T03:37:19+00:00\",\"breadcrumb\":{\"@id\":\"https:\\\/\\\/cafesummum.com\\\/produit\\\/papouasie-nouvelle-guinee-sigrie\\\/#breadcrumb\"},\"inLanguage\":\"en-US\",\"potentialAction\":[{\"@type\":\"ReadAction\",\"target\":[\"https:\\\/\\\/cafesummum.com\\\/produit\\\/papouasie-nouvelle-guinee-sigrie\\\/\"]}]},{\"@type\":\"ImageObject\",\"inLanguage\":\"en-US\",\"@id\":\"https:\\\/\\\/cafesummum.com\\\/produit\\\/papouasie-nouvelle-guinee-sigrie\\\/#primaryimage\",\"url\":\"https:\\\/\\\/cafesummum.com\\\/wp-content\\\/uploads\\\/2026\\\/03\\\/PapouasieN.jpg\",\"contentUrl\":\"https:\\\/\\\/cafesummum.com\\\/wp-content\\\/uploads\\\/2026\\\/03\\\/PapouasieN.jpg\",\"width\":1109,\"height\":1101},{\"@type\":\"BreadcrumbList\",\"@id\":\"https:\\\/\\\/cafesummum.com\\\/produit\\\/papouasie-nouvelle-guinee-sigrie\\\/#breadcrumb\",\"itemListElement\":[{\"@type\":\"ListItem\",\"position\":1,\"name\":\"Accueil\",\"item\":\"https:\\\/\\\/cafesummum.com\\\/\"},{\"@type\":\"ListItem\",\"position\":2,\"name\":\"Boutique\",\"item\":\"https:\\\/\\\/cafesummum.com\\\/boutique\\\/\"},{\"@type\":\"ListItem\",\"position\":3,\"name\":\"Papouasie Nouvelle Guin\u00e9e Sigrie\"}]},{\"@type\":\"WebSite\",\"@id\":\"https:\\\/\\\/cafesummum.com\\\/#website\",\"url\":\"https:\\\/\\\/cafesummum.com\\\/\",\"name\":\"Caf\u00e9 Summum\",\"description\":\"Offrez-vous le Summum, depuis 25 ans\",\"publisher\":{\"@id\":\"https:\\\/\\\/cafesummum.com\\\/#organization\"},\"alternateName\":\"Caf\u00e9 Summum\",\"potentialAction\":[{\"@type\":\"SearchAction\",\"target\":{\"@type\":\"EntryPoint\",\"urlTemplate\":\"https:\\\/\\\/cafesummum.com\\\/?s={search_term_string}\"},\"query-input\":{\"@type\":\"PropertyValueSpecification\",\"valueRequired\":true,\"valueName\":\"search_term_string\"}}],\"inLanguage\":\"en-US\"},{\"@type\":\"Organization\",\"@id\":\"https:\\\/\\\/cafesummum.com\\\/#organization\",\"name\":\"Caf\u00e9 Summum\",\"url\":\"https:\\\/\\\/cafesummum.com\\\/\",\"logo\":{\"@type\":\"ImageObject\",\"inLanguage\":\"en-US\",\"@id\":\"https:\\\/\\\/cafesummum.com\\\/#\\\/schema\\\/logo\\\/image\\\/\",\"url\":\"https:\\\/\\\/cafesummum.com\\\/wp-content\\\/uploads\\\/2026\\\/01\\\/logo.png\",\"contentUrl\":\"https:\\\/\\\/cafesummum.com\\\/wp-content\\\/uploads\\\/2026\\\/01\\\/logo.png\",\"width\":339,\"height\":201,\"caption\":\"Caf\u00e9 Summum\"},\"image\":{\"@id\":\"https:\\\/\\\/cafesummum.com\\\/#\\\/schema\\\/logo\\\/image\\\/\"},\"sameAs\":[\"https:\\\/\\\/www.facebook.com\\\/cafe.summum\"]}]}<\/script>\n<!-- \/ Yoast SEO plugin. -->","yoast_head_json":{"title":"Papouasie Nouvelle Guin\u00e9e Sigrie - Caf\u00e9 Summum","robots":{"index":"index","follow":"follow","max-snippet":"max-snippet:-1","max-image-preview":"max-image-preview:large","max-video-preview":"max-video-preview:-1"},"canonical":"https:\/\/cafesummum.com\/produit\/papouasie-nouvelle-guinee-sigrie\/","og_locale":"en_US","og_type":"article","og_title":"Papouasie Nouvelle Guin\u00e9e Sigrie - Caf\u00e9 Summum","og_description":"Sa torr\u00e9faction noire r\u00e9v\u00e8le des notes profondes de cacao, d\u2019\u00e9pices fines et de bois noble, port\u00e9es par une texture riche et velout\u00e9e. Un caf\u00e9 rare, puissant et raffin\u00e9, destin\u00e9 aux amateurs d\u2019espressos au caract\u00e8re exotique et parfaitement ma\u00eetris\u00e9.","og_url":"https:\/\/cafesummum.com\/produit\/papouasie-nouvelle-guinee-sigrie\/","og_site_name":"Caf\u00e9 Summum","article_publisher":"https:\/\/www.facebook.com\/cafe.summum","article_modified_time":"2026-04-02T03:37:19+00:00","og_image":[{"width":1109,"height":1101,"url":"https:\/\/cafesummum.com\/wp-content\/uploads\/2026\/03\/PapouasieN.jpg","type":"image\/jpeg"}],"twitter_card":"summary_large_image","twitter_misc":{"Est. reading time":"1 minute"},"schema":{"@context":"https:\/\/schema.org","@graph":[{"@type":"WebPage","@id":"https:\/\/cafesummum.com\/produit\/papouasie-nouvelle-guinee-sigrie\/","url":"https:\/\/cafesummum.com\/produit\/papouasie-nouvelle-guinee-sigrie\/","name":"Papouasie Nouvelle Guin\u00e9e Sigrie - Caf\u00e9 Summum","isPartOf":{"@id":"https:\/\/cafesummum.com\/#website"},"primaryImageOfPage":{"@id":"https:\/\/cafesummum.com\/produit\/papouasie-nouvelle-guinee-sigrie\/#primaryimage"},"image":{"@id":"https:\/\/cafesummum.com\/produit\/papouasie-nouvelle-guinee-sigrie\/#primaryimage"},"thumbnailUrl":"https:\/\/cafesummum.com\/wp-content\/uploads\/2026\/03\/PapouasieN.jpg","datePublished":"2026-02-04T21:39:32+00:00","dateModified":"2026-04-02T03:37:19+00:00","breadcrumb":{"@id":"https:\/\/cafesummum.com\/produit\/papouasie-nouvelle-guinee-sigrie\/#breadcrumb"},"inLanguage":"en-US","potentialAction":[{"@type":"ReadAction","target":["https:\/\/cafesummum.com\/produit\/papouasie-nouvelle-guinee-sigrie\/"]}]},{"@type":"ImageObject","inLanguage":"en-US","@id":"https:\/\/cafesummum.com\/produit\/papouasie-nouvelle-guinee-sigrie\/#primaryimage","url":"https:\/\/cafesummum.com\/wp-content\/uploads\/2026\/03\/PapouasieN.jpg","contentUrl":"https:\/\/cafesummum.com\/wp-content\/uploads\/2026\/03\/PapouasieN.jpg","width":1109,"height":1101},{"@type":"BreadcrumbList","@id":"https:\/\/cafesummum.com\/produit\/papouasie-nouvelle-guinee-sigrie\/#breadcrumb","itemListElement":[{"@type":"ListItem","position":1,"name":"Accueil","item":"https:\/\/cafesummum.com\/"},{"@type":"ListItem","position":2,"name":"Boutique","item":"https:\/\/cafesummum.com\/boutique\/"},{"@type":"ListItem","position":3,"name":"Papouasie Nouvelle Guin\u00e9e Sigrie"}]},{"@type":"WebSite","@id":"https:\/\/cafesummum.com\/#website","url":"https:\/\/cafesummum.com\/","name":"Caf\u00e9 Summum","description":"Offrez-vous le Summum, depuis 25 ans","publisher":{"@id":"https:\/\/cafesummum.com\/#organization"},"alternateName":"Caf\u00e9 Summum","potentialAction":[{"@type":"SearchAction","target":{"@type":"EntryPoint","urlTemplate":"https:\/\/cafesummum.com\/?s={search_term_string}"},"query-input":{"@type":"PropertyValueSpecification","valueRequired":true,"valueName":"search_term_string"}}],"inLanguage":"en-US"},{"@type":"Organization","@id":"https:\/\/cafesummum.com\/#organization","name":"Caf\u00e9 Summum","url":"https:\/\/cafesummum.com\/","logo":{"@type":"ImageObject","inLanguage":"en-US","@id":"https:\/\/cafesummum.com\/#\/schema\/logo\/image\/","url":"https:\/\/cafesummum.com\/wp-content\/uploads\/2026\/01\/logo.png","contentUrl":"https:\/\/cafesummum.com\/wp-content\/uploads\/2026\/01\/logo.png","width":339,"height":201,"caption":"Caf\u00e9 Summum"},"image":{"@id":"https:\/\/cafesummum.com\/#\/schema\/logo\/image\/"},"sameAs":["https:\/\/www.facebook.com\/cafe.summum"]}]}},"_links":{"self":[{"href":"https:\/\/cafesummum.com\/en\/wp-json\/wp\/v2\/product\/381","targetHints":{"allow":["GET"]}}],"collection":[{"href":"https:\/\/cafesummum.com\/en\/wp-json\/wp\/v2\/product"}],"about":[{"href":"https:\/\/cafesummum.com\/en\/wp-json\/wp\/v2\/types\/product"}],"replies":[{"embeddable":true,"href":"https:\/\/cafesummum.com\/en\/wp-json\/wp\/v2\/comments?post=381"}],"wp:featuredmedia":[{"embeddable":true,"href":"https:\/\/cafesummum.com\/en\/wp-json\/wp\/v2\/media\/617"}],"wp:attachment":[{"href":"https:\/\/cafesummum.com\/en\/wp-json\/wp\/v2\/media?parent=381"}],"wp:term":[{"taxonomy":"product_brand","embeddable":true,"href":"https:\/\/cafesummum.com\/en\/wp-json\/wp\/v2\/product_brand?post=381"},{"taxonomy":"product_cat","embeddable":true,"href":"https:\/\/cafesummum.com\/en\/wp-json\/wp\/v2\/product_cat?post=381"},{"taxonomy":"product_tag","embeddable":true,"href":"https:\/\/cafesummum.com\/en\/wp-json\/wp\/v2\/product_tag?post=381"}],"curies":[{"name":"wp","href":"https:\/\/api.w.org\/{rel}","templated":true}]}}