{"id":383,"date":"2026-02-04T16:56:23","date_gmt":"2026-02-04T21:56:23","guid":{"rendered":"https:\/\/cafesummum.com\/?post_type=product&#038;p=383"},"modified":"2026-04-01T23:37:19","modified_gmt":"2026-04-02T03:37:19","slug":"perou-chanchamayo","status":"publish","type":"product","link":"https:\/\/cafesummum.com\/en\/produit\/perou-chanchamayo\/","title":{"rendered":"P\u00e9rou Chanchamayo Mi Noir"},"content":{"rendered":"<h3><strong>P\u00e9rou Chanchamayo Ni moir<\/strong><\/h3>\n<p>Un Arabica d\u2019altitude d\u2019une grande puret\u00e9, issu des vall\u00e9es prestigieuses de Chanchamayo. Sa torr\u00e9faction mi\u2011noire r\u00e9v\u00e8le des notes <strong>raffin\u00e9es de cacao doux, de noix fra\u00eeche et de caramel dor\u00e9, port\u00e9es par une texture soyeuse et parfaitement \u00e9quilibr\u00e9e<\/strong>. Un caf\u00e9 \u00e9l\u00e9gant et lumineux, <strong>id\u00e9al pour un espresso fin ou un filtre aromatique.<\/strong><\/p>\n","protected":false},"excerpt":{"rendered":"<p>Ce Chanchamayo mi\u2011noir d\u00e9voile des notes r<strong>affin\u00e9es de cacao doux, de noix fra\u00eeche et de caramel dor\u00e9<\/strong>, port\u00e9es par une texture soyeuse et parfaitement <strong>\u00e9quilibr\u00e9e.<\/strong> Un caf\u00e9 lumineux, fin et r\u00e9solument haut de gamme.<\/p>\n","protected":false},"featured_media":618,"comment_status":"open","ping_status":"closed","template":"","meta":{"_et_pb_use_builder":"","_et_pb_old_content":"","_et_gb_content_width":""},"product_brand":[],"product_cat":[22,26,23],"product_tag":[],"class_list":{"0":"post-383","1":"product","2":"type-product","3":"status-publish","4":"has-post-thumbnail","6":"product_cat-cafe-brun","7":"product_cat-cafe-dorigine","8":"product_cat-cafe-noir","10":"first","11":"instock","12":"shipping-taxable","13":"purchasable","14":"product-type-variable","15":"has-default-attributes"},"yoast_head":"<!-- This site is optimized with the Yoast SEO plugin v27.4 - https:\/\/yoast.com\/product\/yoast-seo-wordpress\/ -->\n<title>P\u00e9rou Chanchamayo Mi Noir - Caf\u00e9 Summum<\/title>\n<meta name=\"robots\" content=\"index, follow, max-snippet:-1, max-image-preview:large, max-video-preview:-1\" \/>\n<link rel=\"canonical\" href=\"https:\/\/cafesummum.com\/produit\/perou-chanchamayo\/\" \/>\n<meta property=\"og:locale\" content=\"en_US\" \/>\n<meta property=\"og:type\" content=\"article\" \/>\n<meta property=\"og:title\" content=\"P\u00e9rou Chanchamayo Mi Noir - Caf\u00e9 Summum\" \/>\n<meta property=\"og:description\" content=\"Ce Chanchamayo mi\u2011noir d\u00e9voile des notes raffin\u00e9es de cacao doux, de noix fra\u00eeche et de caramel dor\u00e9, port\u00e9es par une texture soyeuse et parfaitement \u00e9quilibr\u00e9e. Un caf\u00e9 lumineux, fin et r\u00e9solument haut de gamme.\" \/>\n<meta property=\"og:url\" content=\"https:\/\/cafesummum.com\/produit\/perou-chanchamayo\/\" \/>\n<meta property=\"og:site_name\" content=\"Caf\u00e9 Summum\" \/>\n<meta property=\"article:publisher\" content=\"https:\/\/www.facebook.com\/cafe.summum\" \/>\n<meta property=\"article:modified_time\" content=\"2026-04-02T03:37:19+00:00\" \/>\n<meta property=\"og:image\" content=\"https:\/\/cafesummum.com\/wp-content\/uploads\/2026\/03\/Perou50-50.jpg\" \/>\n\t<meta property=\"og:image:width\" content=\"1061\" \/>\n\t<meta property=\"og:image:height\" content=\"1058\" \/>\n\t<meta property=\"og:image:type\" content=\"image\/jpeg\" \/>\n<meta name=\"twitter:card\" content=\"summary_large_image\" \/>\n<meta name=\"twitter:label1\" content=\"Est. reading time\" \/>\n\t<meta name=\"twitter:data1\" content=\"1 minute\" \/>\n<script type=\"application\/ld+json\" class=\"yoast-schema-graph\">{\"@context\":\"https:\\\/\\\/schema.org\",\"@graph\":[{\"@type\":\"WebPage\",\"@id\":\"https:\\\/\\\/cafesummum.com\\\/produit\\\/perou-chanchamayo\\\/\",\"url\":\"https:\\\/\\\/cafesummum.com\\\/produit\\\/perou-chanchamayo\\\/\",\"name\":\"P\u00e9rou Chanchamayo Mi Noir - Caf\u00e9 Summum\",\"isPartOf\":{\"@id\":\"https:\\\/\\\/cafesummum.com\\\/#website\"},\"primaryImageOfPage\":{\"@id\":\"https:\\\/\\\/cafesummum.com\\\/produit\\\/perou-chanchamayo\\\/#primaryimage\"},\"image\":{\"@id\":\"https:\\\/\\\/cafesummum.com\\\/produit\\\/perou-chanchamayo\\\/#primaryimage\"},\"thumbnailUrl\":\"https:\\\/\\\/cafesummum.com\\\/wp-content\\\/uploads\\\/2026\\\/03\\\/Perou50-50.jpg\",\"datePublished\":\"2026-02-04T21:56:23+00:00\",\"dateModified\":\"2026-04-02T03:37:19+00:00\",\"breadcrumb\":{\"@id\":\"https:\\\/\\\/cafesummum.com\\\/produit\\\/perou-chanchamayo\\\/#breadcrumb\"},\"inLanguage\":\"en-US\",\"potentialAction\":[{\"@type\":\"ReadAction\",\"target\":[\"https:\\\/\\\/cafesummum.com\\\/produit\\\/perou-chanchamayo\\\/\"]}]},{\"@type\":\"ImageObject\",\"inLanguage\":\"en-US\",\"@id\":\"https:\\\/\\\/cafesummum.com\\\/produit\\\/perou-chanchamayo\\\/#primaryimage\",\"url\":\"https:\\\/\\\/cafesummum.com\\\/wp-content\\\/uploads\\\/2026\\\/03\\\/Perou50-50.jpg\",\"contentUrl\":\"https:\\\/\\\/cafesummum.com\\\/wp-content\\\/uploads\\\/2026\\\/03\\\/Perou50-50.jpg\",\"width\":1061,\"height\":1058},{\"@type\":\"BreadcrumbList\",\"@id\":\"https:\\\/\\\/cafesummum.com\\\/produit\\\/perou-chanchamayo\\\/#breadcrumb\",\"itemListElement\":[{\"@type\":\"ListItem\",\"position\":1,\"name\":\"Accueil\",\"item\":\"https:\\\/\\\/cafesummum.com\\\/\"},{\"@type\":\"ListItem\",\"position\":2,\"name\":\"Boutique\",\"item\":\"https:\\\/\\\/cafesummum.com\\\/boutique\\\/\"},{\"@type\":\"ListItem\",\"position\":3,\"name\":\"P\u00e9rou Chanchamayo Mi Noir\"}]},{\"@type\":\"WebSite\",\"@id\":\"https:\\\/\\\/cafesummum.com\\\/#website\",\"url\":\"https:\\\/\\\/cafesummum.com\\\/\",\"name\":\"Caf\u00e9 Summum\",\"description\":\"Offrez-vous le Summum, depuis 25 ans\",\"publisher\":{\"@id\":\"https:\\\/\\\/cafesummum.com\\\/#organization\"},\"alternateName\":\"Caf\u00e9 Summum\",\"potentialAction\":[{\"@type\":\"SearchAction\",\"target\":{\"@type\":\"EntryPoint\",\"urlTemplate\":\"https:\\\/\\\/cafesummum.com\\\/?s={search_term_string}\"},\"query-input\":{\"@type\":\"PropertyValueSpecification\",\"valueRequired\":true,\"valueName\":\"search_term_string\"}}],\"inLanguage\":\"en-US\"},{\"@type\":\"Organization\",\"@id\":\"https:\\\/\\\/cafesummum.com\\\/#organization\",\"name\":\"Caf\u00e9 Summum\",\"url\":\"https:\\\/\\\/cafesummum.com\\\/\",\"logo\":{\"@type\":\"ImageObject\",\"inLanguage\":\"en-US\",\"@id\":\"https:\\\/\\\/cafesummum.com\\\/#\\\/schema\\\/logo\\\/image\\\/\",\"url\":\"https:\\\/\\\/cafesummum.com\\\/wp-content\\\/uploads\\\/2026\\\/01\\\/logo.png\",\"contentUrl\":\"https:\\\/\\\/cafesummum.com\\\/wp-content\\\/uploads\\\/2026\\\/01\\\/logo.png\",\"width\":339,\"height\":201,\"caption\":\"Caf\u00e9 Summum\"},\"image\":{\"@id\":\"https:\\\/\\\/cafesummum.com\\\/#\\\/schema\\\/logo\\\/image\\\/\"},\"sameAs\":[\"https:\\\/\\\/www.facebook.com\\\/cafe.summum\"]}]}<\/script>\n<!-- \/ Yoast SEO plugin. -->","yoast_head_json":{"title":"P\u00e9rou Chanchamayo Mi Noir - Caf\u00e9 Summum","robots":{"index":"index","follow":"follow","max-snippet":"max-snippet:-1","max-image-preview":"max-image-preview:large","max-video-preview":"max-video-preview:-1"},"canonical":"https:\/\/cafesummum.com\/produit\/perou-chanchamayo\/","og_locale":"en_US","og_type":"article","og_title":"P\u00e9rou Chanchamayo Mi Noir - Caf\u00e9 Summum","og_description":"Ce Chanchamayo mi\u2011noir d\u00e9voile des notes raffin\u00e9es de cacao doux, de noix fra\u00eeche et de caramel dor\u00e9, port\u00e9es par une texture soyeuse et parfaitement \u00e9quilibr\u00e9e. Un caf\u00e9 lumineux, fin et r\u00e9solument haut de gamme.","og_url":"https:\/\/cafesummum.com\/produit\/perou-chanchamayo\/","og_site_name":"Caf\u00e9 Summum","article_publisher":"https:\/\/www.facebook.com\/cafe.summum","article_modified_time":"2026-04-02T03:37:19+00:00","og_image":[{"width":1061,"height":1058,"url":"https:\/\/cafesummum.com\/wp-content\/uploads\/2026\/03\/Perou50-50.jpg","type":"image\/jpeg"}],"twitter_card":"summary_large_image","twitter_misc":{"Est. reading time":"1 minute"},"schema":{"@context":"https:\/\/schema.org","@graph":[{"@type":"WebPage","@id":"https:\/\/cafesummum.com\/produit\/perou-chanchamayo\/","url":"https:\/\/cafesummum.com\/produit\/perou-chanchamayo\/","name":"P\u00e9rou Chanchamayo Mi Noir - Caf\u00e9 Summum","isPartOf":{"@id":"https:\/\/cafesummum.com\/#website"},"primaryImageOfPage":{"@id":"https:\/\/cafesummum.com\/produit\/perou-chanchamayo\/#primaryimage"},"image":{"@id":"https:\/\/cafesummum.com\/produit\/perou-chanchamayo\/#primaryimage"},"thumbnailUrl":"https:\/\/cafesummum.com\/wp-content\/uploads\/2026\/03\/Perou50-50.jpg","datePublished":"2026-02-04T21:56:23+00:00","dateModified":"2026-04-02T03:37:19+00:00","breadcrumb":{"@id":"https:\/\/cafesummum.com\/produit\/perou-chanchamayo\/#breadcrumb"},"inLanguage":"en-US","potentialAction":[{"@type":"ReadAction","target":["https:\/\/cafesummum.com\/produit\/perou-chanchamayo\/"]}]},{"@type":"ImageObject","inLanguage":"en-US","@id":"https:\/\/cafesummum.com\/produit\/perou-chanchamayo\/#primaryimage","url":"https:\/\/cafesummum.com\/wp-content\/uploads\/2026\/03\/Perou50-50.jpg","contentUrl":"https:\/\/cafesummum.com\/wp-content\/uploads\/2026\/03\/Perou50-50.jpg","width":1061,"height":1058},{"@type":"BreadcrumbList","@id":"https:\/\/cafesummum.com\/produit\/perou-chanchamayo\/#breadcrumb","itemListElement":[{"@type":"ListItem","position":1,"name":"Accueil","item":"https:\/\/cafesummum.com\/"},{"@type":"ListItem","position":2,"name":"Boutique","item":"https:\/\/cafesummum.com\/boutique\/"},{"@type":"ListItem","position":3,"name":"P\u00e9rou Chanchamayo Mi Noir"}]},{"@type":"WebSite","@id":"https:\/\/cafesummum.com\/#website","url":"https:\/\/cafesummum.com\/","name":"Caf\u00e9 Summum","description":"Offrez-vous le Summum, depuis 25 ans","publisher":{"@id":"https:\/\/cafesummum.com\/#organization"},"alternateName":"Caf\u00e9 Summum","potentialAction":[{"@type":"SearchAction","target":{"@type":"EntryPoint","urlTemplate":"https:\/\/cafesummum.com\/?s={search_term_string}"},"query-input":{"@type":"PropertyValueSpecification","valueRequired":true,"valueName":"search_term_string"}}],"inLanguage":"en-US"},{"@type":"Organization","@id":"https:\/\/cafesummum.com\/#organization","name":"Caf\u00e9 Summum","url":"https:\/\/cafesummum.com\/","logo":{"@type":"ImageObject","inLanguage":"en-US","@id":"https:\/\/cafesummum.com\/#\/schema\/logo\/image\/","url":"https:\/\/cafesummum.com\/wp-content\/uploads\/2026\/01\/logo.png","contentUrl":"https:\/\/cafesummum.com\/wp-content\/uploads\/2026\/01\/logo.png","width":339,"height":201,"caption":"Caf\u00e9 Summum"},"image":{"@id":"https:\/\/cafesummum.com\/#\/schema\/logo\/image\/"},"sameAs":["https:\/\/www.facebook.com\/cafe.summum"]}]}},"_links":{"self":[{"href":"https:\/\/cafesummum.com\/en\/wp-json\/wp\/v2\/product\/383","targetHints":{"allow":["GET"]}}],"collection":[{"href":"https:\/\/cafesummum.com\/en\/wp-json\/wp\/v2\/product"}],"about":[{"href":"https:\/\/cafesummum.com\/en\/wp-json\/wp\/v2\/types\/product"}],"replies":[{"embeddable":true,"href":"https:\/\/cafesummum.com\/en\/wp-json\/wp\/v2\/comments?post=383"}],"wp:featuredmedia":[{"embeddable":true,"href":"https:\/\/cafesummum.com\/en\/wp-json\/wp\/v2\/media\/618"}],"wp:attachment":[{"href":"https:\/\/cafesummum.com\/en\/wp-json\/wp\/v2\/media?parent=383"}],"wp:term":[{"taxonomy":"product_brand","embeddable":true,"href":"https:\/\/cafesummum.com\/en\/wp-json\/wp\/v2\/product_brand?post=383"},{"taxonomy":"product_cat","embeddable":true,"href":"https:\/\/cafesummum.com\/en\/wp-json\/wp\/v2\/product_cat?post=383"},{"taxonomy":"product_tag","embeddable":true,"href":"https:\/\/cafesummum.com\/en\/wp-json\/wp\/v2\/product_tag?post=383"}],"curies":[{"name":"wp","href":"https:\/\/api.w.org\/{rel}","templated":true}]}}