{"id":385,"date":"2026-02-04T19:59:49","date_gmt":"2026-02-05T00:59:49","guid":{"rendered":"https:\/\/cafesummum.com\/?post_type=product&#038;p=385"},"modified":"2026-04-01T23:37:19","modified_gmt":"2026-04-02T03:37:19","slug":"sumatra-mandheling","status":"publish","type":"product","link":"https:\/\/cafesummum.com\/en\/produit\/sumatra-mandheling\/","title":{"rendered":"Sumatra Mandheling"},"content":{"rendered":"<h3><strong>Sumatra Mandheling \u2013 Torr\u00e9faction Noire<\/strong><\/h3>\n<p>Le Sumatra Mandheling en torr\u00e9faction noire offre une exp\u00e9rience sensorielle rare, profonde et envo\u00fbtante. Ses <strong>notes intenses de cacao amer, d\u2019\u00e9pices sombres et de terre humide se m\u00ealent \u00e0 une texture dense et velout\u00e9e,<\/strong> typique des caf\u00e9s indon\u00e9siens. <strong>Un caf\u00e9 puissant,<\/strong> myst\u00e9rieux et parfaitement structur\u00e9, id\u00e9al pour les <strong>amateurs d\u2019espressos riches et d\u2019ar\u00f4mes exotiques. Un grand cru pour ceux qui recherchent un caract\u00e8re unique et une profondeur incomparable.<\/strong><\/p>\n<div>\n<div><\/div>\n<\/div>\n","protected":false},"excerpt":{"rendered":"<p>Un caf\u00e9 indon\u00e9sien d\u2019exception, profond et intens\u00e9ment aromatique. Ses<strong> notes de cacao amer, d\u2019\u00e9pices sombres et de terre humide<\/strong> s\u2019expriment dans une texture <strong>dense et velout\u00e9e<\/strong>. Un espresso puissant et raffin\u00e9, au caract\u00e8re unique.<\/p>\n<p>&nbsp;<\/p>\n","protected":false},"featured_media":608,"comment_status":"open","ping_status":"closed","template":"","meta":{"_et_pb_use_builder":"","_et_pb_old_content":"","_et_gb_content_width":""},"product_brand":[],"product_cat":[26,23],"product_tag":[],"class_list":{"0":"post-385","1":"product","2":"type-product","3":"status-publish","4":"has-post-thumbnail","6":"product_cat-cafe-dorigine","7":"product_cat-cafe-noir","9":"first","10":"instock","11":"shipping-taxable","12":"purchasable","13":"product-type-variable","14":"has-default-attributes"},"yoast_head":"<!-- This site is optimized with the Yoast SEO plugin v27.4 - https:\/\/yoast.com\/product\/yoast-seo-wordpress\/ -->\n<title>Sumatra Mandheling - Caf\u00e9 Summum<\/title>\n<meta name=\"robots\" content=\"index, follow, max-snippet:-1, max-image-preview:large, max-video-preview:-1\" \/>\n<link rel=\"canonical\" href=\"https:\/\/cafesummum.com\/produit\/sumatra-mandheling\/\" \/>\n<meta property=\"og:locale\" content=\"en_US\" \/>\n<meta property=\"og:type\" content=\"article\" \/>\n<meta property=\"og:title\" content=\"Sumatra Mandheling - Caf\u00e9 Summum\" \/>\n<meta property=\"og:description\" content=\"Un caf\u00e9 indon\u00e9sien d\u2019exception, profond et intens\u00e9ment aromatique. Ses notes de cacao amer, d\u2019\u00e9pices sombres et de terre humide s\u2019expriment dans une texture dense et velout\u00e9e. Un espresso puissant et raffin\u00e9, au caract\u00e8re unique.  &nbsp;\" \/>\n<meta property=\"og:url\" content=\"https:\/\/cafesummum.com\/produit\/sumatra-mandheling\/\" \/>\n<meta property=\"og:site_name\" content=\"Caf\u00e9 Summum\" \/>\n<meta property=\"article:publisher\" content=\"https:\/\/www.facebook.com\/cafe.summum\" \/>\n<meta property=\"article:modified_time\" content=\"2026-04-02T03:37:19+00:00\" \/>\n<meta property=\"og:image\" content=\"https:\/\/cafesummum.com\/wp-content\/uploads\/2026\/02\/SumatraN.jpg\" \/>\n\t<meta property=\"og:image:width\" content=\"714\" \/>\n\t<meta property=\"og:image:height\" content=\"660\" \/>\n\t<meta property=\"og:image:type\" content=\"image\/jpeg\" \/>\n<meta name=\"twitter:card\" content=\"summary_large_image\" \/>\n<meta name=\"twitter:label1\" content=\"Est. reading time\" \/>\n\t<meta name=\"twitter:data1\" content=\"1 minute\" \/>\n<script type=\"application\/ld+json\" class=\"yoast-schema-graph\">{\"@context\":\"https:\\\/\\\/schema.org\",\"@graph\":[{\"@type\":\"WebPage\",\"@id\":\"https:\\\/\\\/cafesummum.com\\\/produit\\\/sumatra-mandheling\\\/\",\"url\":\"https:\\\/\\\/cafesummum.com\\\/produit\\\/sumatra-mandheling\\\/\",\"name\":\"Sumatra Mandheling - Caf\u00e9 Summum\",\"isPartOf\":{\"@id\":\"https:\\\/\\\/cafesummum.com\\\/#website\"},\"primaryImageOfPage\":{\"@id\":\"https:\\\/\\\/cafesummum.com\\\/produit\\\/sumatra-mandheling\\\/#primaryimage\"},\"image\":{\"@id\":\"https:\\\/\\\/cafesummum.com\\\/produit\\\/sumatra-mandheling\\\/#primaryimage\"},\"thumbnailUrl\":\"https:\\\/\\\/cafesummum.com\\\/wp-content\\\/uploads\\\/2026\\\/02\\\/SumatraN.jpg\",\"datePublished\":\"2026-02-05T00:59:49+00:00\",\"dateModified\":\"2026-04-02T03:37:19+00:00\",\"breadcrumb\":{\"@id\":\"https:\\\/\\\/cafesummum.com\\\/produit\\\/sumatra-mandheling\\\/#breadcrumb\"},\"inLanguage\":\"en-US\",\"potentialAction\":[{\"@type\":\"ReadAction\",\"target\":[\"https:\\\/\\\/cafesummum.com\\\/produit\\\/sumatra-mandheling\\\/\"]}]},{\"@type\":\"ImageObject\",\"inLanguage\":\"en-US\",\"@id\":\"https:\\\/\\\/cafesummum.com\\\/produit\\\/sumatra-mandheling\\\/#primaryimage\",\"url\":\"https:\\\/\\\/cafesummum.com\\\/wp-content\\\/uploads\\\/2026\\\/02\\\/SumatraN.jpg\",\"contentUrl\":\"https:\\\/\\\/cafesummum.com\\\/wp-content\\\/uploads\\\/2026\\\/02\\\/SumatraN.jpg\",\"width\":714,\"height\":660},{\"@type\":\"BreadcrumbList\",\"@id\":\"https:\\\/\\\/cafesummum.com\\\/produit\\\/sumatra-mandheling\\\/#breadcrumb\",\"itemListElement\":[{\"@type\":\"ListItem\",\"position\":1,\"name\":\"Accueil\",\"item\":\"https:\\\/\\\/cafesummum.com\\\/\"},{\"@type\":\"ListItem\",\"position\":2,\"name\":\"Boutique\",\"item\":\"https:\\\/\\\/cafesummum.com\\\/boutique\\\/\"},{\"@type\":\"ListItem\",\"position\":3,\"name\":\"Sumatra Mandheling\"}]},{\"@type\":\"WebSite\",\"@id\":\"https:\\\/\\\/cafesummum.com\\\/#website\",\"url\":\"https:\\\/\\\/cafesummum.com\\\/\",\"name\":\"Caf\u00e9 Summum\",\"description\":\"Offrez-vous le Summum, depuis 25 ans\",\"publisher\":{\"@id\":\"https:\\\/\\\/cafesummum.com\\\/#organization\"},\"alternateName\":\"Caf\u00e9 Summum\",\"potentialAction\":[{\"@type\":\"SearchAction\",\"target\":{\"@type\":\"EntryPoint\",\"urlTemplate\":\"https:\\\/\\\/cafesummum.com\\\/?s={search_term_string}\"},\"query-input\":{\"@type\":\"PropertyValueSpecification\",\"valueRequired\":true,\"valueName\":\"search_term_string\"}}],\"inLanguage\":\"en-US\"},{\"@type\":\"Organization\",\"@id\":\"https:\\\/\\\/cafesummum.com\\\/#organization\",\"name\":\"Caf\u00e9 Summum\",\"url\":\"https:\\\/\\\/cafesummum.com\\\/\",\"logo\":{\"@type\":\"ImageObject\",\"inLanguage\":\"en-US\",\"@id\":\"https:\\\/\\\/cafesummum.com\\\/#\\\/schema\\\/logo\\\/image\\\/\",\"url\":\"https:\\\/\\\/cafesummum.com\\\/wp-content\\\/uploads\\\/2026\\\/01\\\/logo.png\",\"contentUrl\":\"https:\\\/\\\/cafesummum.com\\\/wp-content\\\/uploads\\\/2026\\\/01\\\/logo.png\",\"width\":339,\"height\":201,\"caption\":\"Caf\u00e9 Summum\"},\"image\":{\"@id\":\"https:\\\/\\\/cafesummum.com\\\/#\\\/schema\\\/logo\\\/image\\\/\"},\"sameAs\":[\"https:\\\/\\\/www.facebook.com\\\/cafe.summum\"]}]}<\/script>\n<!-- \/ Yoast SEO plugin. -->","yoast_head_json":{"title":"Sumatra Mandheling - Caf\u00e9 Summum","robots":{"index":"index","follow":"follow","max-snippet":"max-snippet:-1","max-image-preview":"max-image-preview:large","max-video-preview":"max-video-preview:-1"},"canonical":"https:\/\/cafesummum.com\/produit\/sumatra-mandheling\/","og_locale":"en_US","og_type":"article","og_title":"Sumatra Mandheling - Caf\u00e9 Summum","og_description":"Un caf\u00e9 indon\u00e9sien d\u2019exception, profond et intens\u00e9ment aromatique. Ses notes de cacao amer, d\u2019\u00e9pices sombres et de terre humide s\u2019expriment dans une texture dense et velout\u00e9e. Un espresso puissant et raffin\u00e9, au caract\u00e8re unique.  &nbsp;","og_url":"https:\/\/cafesummum.com\/produit\/sumatra-mandheling\/","og_site_name":"Caf\u00e9 Summum","article_publisher":"https:\/\/www.facebook.com\/cafe.summum","article_modified_time":"2026-04-02T03:37:19+00:00","og_image":[{"width":714,"height":660,"url":"https:\/\/cafesummum.com\/wp-content\/uploads\/2026\/02\/SumatraN.jpg","type":"image\/jpeg"}],"twitter_card":"summary_large_image","twitter_misc":{"Est. reading time":"1 minute"},"schema":{"@context":"https:\/\/schema.org","@graph":[{"@type":"WebPage","@id":"https:\/\/cafesummum.com\/produit\/sumatra-mandheling\/","url":"https:\/\/cafesummum.com\/produit\/sumatra-mandheling\/","name":"Sumatra Mandheling - Caf\u00e9 Summum","isPartOf":{"@id":"https:\/\/cafesummum.com\/#website"},"primaryImageOfPage":{"@id":"https:\/\/cafesummum.com\/produit\/sumatra-mandheling\/#primaryimage"},"image":{"@id":"https:\/\/cafesummum.com\/produit\/sumatra-mandheling\/#primaryimage"},"thumbnailUrl":"https:\/\/cafesummum.com\/wp-content\/uploads\/2026\/02\/SumatraN.jpg","datePublished":"2026-02-05T00:59:49+00:00","dateModified":"2026-04-02T03:37:19+00:00","breadcrumb":{"@id":"https:\/\/cafesummum.com\/produit\/sumatra-mandheling\/#breadcrumb"},"inLanguage":"en-US","potentialAction":[{"@type":"ReadAction","target":["https:\/\/cafesummum.com\/produit\/sumatra-mandheling\/"]}]},{"@type":"ImageObject","inLanguage":"en-US","@id":"https:\/\/cafesummum.com\/produit\/sumatra-mandheling\/#primaryimage","url":"https:\/\/cafesummum.com\/wp-content\/uploads\/2026\/02\/SumatraN.jpg","contentUrl":"https:\/\/cafesummum.com\/wp-content\/uploads\/2026\/02\/SumatraN.jpg","width":714,"height":660},{"@type":"BreadcrumbList","@id":"https:\/\/cafesummum.com\/produit\/sumatra-mandheling\/#breadcrumb","itemListElement":[{"@type":"ListItem","position":1,"name":"Accueil","item":"https:\/\/cafesummum.com\/"},{"@type":"ListItem","position":2,"name":"Boutique","item":"https:\/\/cafesummum.com\/boutique\/"},{"@type":"ListItem","position":3,"name":"Sumatra Mandheling"}]},{"@type":"WebSite","@id":"https:\/\/cafesummum.com\/#website","url":"https:\/\/cafesummum.com\/","name":"Caf\u00e9 Summum","description":"Offrez-vous le Summum, depuis 25 ans","publisher":{"@id":"https:\/\/cafesummum.com\/#organization"},"alternateName":"Caf\u00e9 Summum","potentialAction":[{"@type":"SearchAction","target":{"@type":"EntryPoint","urlTemplate":"https:\/\/cafesummum.com\/?s={search_term_string}"},"query-input":{"@type":"PropertyValueSpecification","valueRequired":true,"valueName":"search_term_string"}}],"inLanguage":"en-US"},{"@type":"Organization","@id":"https:\/\/cafesummum.com\/#organization","name":"Caf\u00e9 Summum","url":"https:\/\/cafesummum.com\/","logo":{"@type":"ImageObject","inLanguage":"en-US","@id":"https:\/\/cafesummum.com\/#\/schema\/logo\/image\/","url":"https:\/\/cafesummum.com\/wp-content\/uploads\/2026\/01\/logo.png","contentUrl":"https:\/\/cafesummum.com\/wp-content\/uploads\/2026\/01\/logo.png","width":339,"height":201,"caption":"Caf\u00e9 Summum"},"image":{"@id":"https:\/\/cafesummum.com\/#\/schema\/logo\/image\/"},"sameAs":["https:\/\/www.facebook.com\/cafe.summum"]}]}},"_links":{"self":[{"href":"https:\/\/cafesummum.com\/en\/wp-json\/wp\/v2\/product\/385","targetHints":{"allow":["GET"]}}],"collection":[{"href":"https:\/\/cafesummum.com\/en\/wp-json\/wp\/v2\/product"}],"about":[{"href":"https:\/\/cafesummum.com\/en\/wp-json\/wp\/v2\/types\/product"}],"replies":[{"embeddable":true,"href":"https:\/\/cafesummum.com\/en\/wp-json\/wp\/v2\/comments?post=385"}],"wp:featuredmedia":[{"embeddable":true,"href":"https:\/\/cafesummum.com\/en\/wp-json\/wp\/v2\/media\/608"}],"wp:attachment":[{"href":"https:\/\/cafesummum.com\/en\/wp-json\/wp\/v2\/media?parent=385"}],"wp:term":[{"taxonomy":"product_brand","embeddable":true,"href":"https:\/\/cafesummum.com\/en\/wp-json\/wp\/v2\/product_brand?post=385"},{"taxonomy":"product_cat","embeddable":true,"href":"https:\/\/cafesummum.com\/en\/wp-json\/wp\/v2\/product_cat?post=385"},{"taxonomy":"product_tag","embeddable":true,"href":"https:\/\/cafesummum.com\/en\/wp-json\/wp\/v2\/product_tag?post=385"}],"curies":[{"name":"wp","href":"https:\/\/api.w.org\/{rel}","templated":true}]}}