{"id":386,"date":"2026-02-04T20:30:50","date_gmt":"2026-02-05T01:30:50","guid":{"rendered":"https:\/\/cafesummum.com\/?post_type=product&#038;p=386"},"modified":"2026-04-01T23:37:19","modified_gmt":"2026-04-02T03:37:19","slug":"costa-rica-tarrazu-noir","status":"publish","type":"product","link":"https:\/\/cafesummum.com\/en\/produit\/costa-rica-tarrazu-noir\/","title":{"rendered":"Costa Rica Tarrazu Noir"},"content":{"rendered":"<h3><strong>Costa Rica Tarrazu Noir <\/strong><\/h3>\n<p>D\u00e9couvrez l\u2019\u00e9l\u00e9gance du Costa Rica en torr\u00e9faction noire : un Arabica d\u2019altitude au caract\u00e8re intense et parfaitement ma\u00eetris\u00e9. Sa torr\u00e9faction profonde r\u00e9v\u00e8le des notes raffin\u00e9es de cacao amer, de sucre brun et de fruits secs grill\u00e9s, offrant une tasse puissante, velout\u00e9e et d\u2019une grande pr\u00e9cision aromatique. Id\u00e9al pour un espresso de prestige ou des boissons lact\u00e9es au profil riche et structur\u00e9. <strong>Un caf\u00e9 premium pour ceux qui recherchent une intensit\u00e9 noble et une finition longue en bouch<\/strong>e&#8230;<\/p>\n","protected":false},"excerpt":{"rendered":"<p>Un Arabica d\u2019altitude au caract\u00e8re noble, sublim\u00e9 par une torr\u00e9faction noire ma\u00eetris\u00e9e. Notes intenses de <strong>cacao, sucre brun et fruits secs grill\u00e9s<\/strong> pour une tasse puissante, v<strong>elout\u00e9e et parfaitement \u00e9quilibr\u00e9e<\/strong>. Un espresso raffin\u00e9 pour les amateurs de caf\u00e9s !<\/p>\n","protected":false},"featured_media":0,"comment_status":"open","ping_status":"closed","template":"","meta":{"_et_pb_use_builder":"","_et_pb_old_content":"","_et_gb_content_width":""},"product_brand":[],"product_cat":[26,23],"product_tag":[],"class_list":{"0":"post-386","1":"product","2":"type-product","3":"status-publish","5":"product_cat-cafe-dorigine","6":"product_cat-cafe-noir","8":"first","9":"instock","10":"shipping-taxable","11":"purchasable","12":"product-type-variable","13":"has-default-attributes"},"yoast_head":"<!-- This site is optimized with the Yoast SEO plugin v27.4 - https:\/\/yoast.com\/product\/yoast-seo-wordpress\/ -->\n<title>Costa Rica Tarrazu Noir - Caf\u00e9 Summum<\/title>\n<meta name=\"robots\" content=\"index, follow, max-snippet:-1, max-image-preview:large, max-video-preview:-1\" \/>\n<link rel=\"canonical\" href=\"https:\/\/cafesummum.com\/produit\/costa-rica-tarrazu-noir\/\" \/>\n<meta property=\"og:locale\" content=\"en_US\" \/>\n<meta property=\"og:type\" content=\"article\" \/>\n<meta property=\"og:title\" content=\"Costa Rica Tarrazu Noir - Caf\u00e9 Summum\" \/>\n<meta property=\"og:description\" content=\"Un Arabica d\u2019altitude au caract\u00e8re noble, sublim\u00e9 par une torr\u00e9faction noire ma\u00eetris\u00e9e. Notes intenses de cacao, sucre brun et fruits secs grill\u00e9s pour une tasse puissante, velout\u00e9e et parfaitement \u00e9quilibr\u00e9e. Un espresso raffin\u00e9 pour les amateurs de caf\u00e9s !\" \/>\n<meta property=\"og:url\" content=\"https:\/\/cafesummum.com\/produit\/costa-rica-tarrazu-noir\/\" \/>\n<meta property=\"og:site_name\" content=\"Caf\u00e9 Summum\" \/>\n<meta property=\"article:publisher\" content=\"https:\/\/www.facebook.com\/cafe.summum\" \/>\n<meta property=\"article:modified_time\" content=\"2026-04-02T03:37:19+00:00\" \/>\n<meta property=\"og:image\" content=\"https:\/\/cafesummum.com\/wp-content\/uploads\/2026\/04\/Share-Image.jpg\" \/>\n\t<meta property=\"og:image:width\" content=\"1200\" \/>\n\t<meta property=\"og:image:height\" content=\"630\" \/>\n\t<meta property=\"og:image:type\" content=\"image\/jpeg\" \/>\n<meta name=\"twitter:card\" content=\"summary_large_image\" \/>\n<meta name=\"twitter:label1\" content=\"Est. reading time\" \/>\n\t<meta name=\"twitter:data1\" content=\"1 minute\" \/>\n<script type=\"application\/ld+json\" class=\"yoast-schema-graph\">{\"@context\":\"https:\\\/\\\/schema.org\",\"@graph\":[{\"@type\":\"WebPage\",\"@id\":\"https:\\\/\\\/cafesummum.com\\\/produit\\\/costa-rica-tarrazu-noir\\\/\",\"url\":\"https:\\\/\\\/cafesummum.com\\\/produit\\\/costa-rica-tarrazu-noir\\\/\",\"name\":\"Costa Rica Tarrazu Noir - Caf\u00e9 Summum\",\"isPartOf\":{\"@id\":\"https:\\\/\\\/cafesummum.com\\\/#website\"},\"datePublished\":\"2026-02-05T01:30:50+00:00\",\"dateModified\":\"2026-04-02T03:37:19+00:00\",\"breadcrumb\":{\"@id\":\"https:\\\/\\\/cafesummum.com\\\/produit\\\/costa-rica-tarrazu-noir\\\/#breadcrumb\"},\"inLanguage\":\"en-US\",\"potentialAction\":[{\"@type\":\"ReadAction\",\"target\":[\"https:\\\/\\\/cafesummum.com\\\/produit\\\/costa-rica-tarrazu-noir\\\/\"]}]},{\"@type\":\"BreadcrumbList\",\"@id\":\"https:\\\/\\\/cafesummum.com\\\/produit\\\/costa-rica-tarrazu-noir\\\/#breadcrumb\",\"itemListElement\":[{\"@type\":\"ListItem\",\"position\":1,\"name\":\"Accueil\",\"item\":\"https:\\\/\\\/cafesummum.com\\\/\"},{\"@type\":\"ListItem\",\"position\":2,\"name\":\"Boutique\",\"item\":\"https:\\\/\\\/cafesummum.com\\\/boutique\\\/\"},{\"@type\":\"ListItem\",\"position\":3,\"name\":\"Costa Rica Tarrazu Noir\"}]},{\"@type\":\"WebSite\",\"@id\":\"https:\\\/\\\/cafesummum.com\\\/#website\",\"url\":\"https:\\\/\\\/cafesummum.com\\\/\",\"name\":\"Caf\u00e9 Summum\",\"description\":\"Offrez-vous le Summum, depuis 25 ans\",\"publisher\":{\"@id\":\"https:\\\/\\\/cafesummum.com\\\/#organization\"},\"alternateName\":\"Caf\u00e9 Summum\",\"potentialAction\":[{\"@type\":\"SearchAction\",\"target\":{\"@type\":\"EntryPoint\",\"urlTemplate\":\"https:\\\/\\\/cafesummum.com\\\/?s={search_term_string}\"},\"query-input\":{\"@type\":\"PropertyValueSpecification\",\"valueRequired\":true,\"valueName\":\"search_term_string\"}}],\"inLanguage\":\"en-US\"},{\"@type\":\"Organization\",\"@id\":\"https:\\\/\\\/cafesummum.com\\\/#organization\",\"name\":\"Caf\u00e9 Summum\",\"url\":\"https:\\\/\\\/cafesummum.com\\\/\",\"logo\":{\"@type\":\"ImageObject\",\"inLanguage\":\"en-US\",\"@id\":\"https:\\\/\\\/cafesummum.com\\\/#\\\/schema\\\/logo\\\/image\\\/\",\"url\":\"https:\\\/\\\/cafesummum.com\\\/wp-content\\\/uploads\\\/2026\\\/01\\\/logo.png\",\"contentUrl\":\"https:\\\/\\\/cafesummum.com\\\/wp-content\\\/uploads\\\/2026\\\/01\\\/logo.png\",\"width\":339,\"height\":201,\"caption\":\"Caf\u00e9 Summum\"},\"image\":{\"@id\":\"https:\\\/\\\/cafesummum.com\\\/#\\\/schema\\\/logo\\\/image\\\/\"},\"sameAs\":[\"https:\\\/\\\/www.facebook.com\\\/cafe.summum\"]}]}<\/script>\n<!-- \/ Yoast SEO plugin. -->","yoast_head_json":{"title":"Costa Rica Tarrazu Noir - Caf\u00e9 Summum","robots":{"index":"index","follow":"follow","max-snippet":"max-snippet:-1","max-image-preview":"max-image-preview:large","max-video-preview":"max-video-preview:-1"},"canonical":"https:\/\/cafesummum.com\/produit\/costa-rica-tarrazu-noir\/","og_locale":"en_US","og_type":"article","og_title":"Costa Rica Tarrazu Noir - Caf\u00e9 Summum","og_description":"Un Arabica d\u2019altitude au caract\u00e8re noble, sublim\u00e9 par une torr\u00e9faction noire ma\u00eetris\u00e9e. Notes intenses de cacao, sucre brun et fruits secs grill\u00e9s pour une tasse puissante, velout\u00e9e et parfaitement \u00e9quilibr\u00e9e. Un espresso raffin\u00e9 pour les amateurs de caf\u00e9s !","og_url":"https:\/\/cafesummum.com\/produit\/costa-rica-tarrazu-noir\/","og_site_name":"Caf\u00e9 Summum","article_publisher":"https:\/\/www.facebook.com\/cafe.summum","article_modified_time":"2026-04-02T03:37:19+00:00","og_image":[{"width":1200,"height":630,"url":"https:\/\/cafesummum.com\/wp-content\/uploads\/2026\/04\/Share-Image.jpg","type":"image\/jpeg"}],"twitter_card":"summary_large_image","twitter_misc":{"Est. reading time":"1 minute"},"schema":{"@context":"https:\/\/schema.org","@graph":[{"@type":"WebPage","@id":"https:\/\/cafesummum.com\/produit\/costa-rica-tarrazu-noir\/","url":"https:\/\/cafesummum.com\/produit\/costa-rica-tarrazu-noir\/","name":"Costa Rica Tarrazu Noir - Caf\u00e9 Summum","isPartOf":{"@id":"https:\/\/cafesummum.com\/#website"},"datePublished":"2026-02-05T01:30:50+00:00","dateModified":"2026-04-02T03:37:19+00:00","breadcrumb":{"@id":"https:\/\/cafesummum.com\/produit\/costa-rica-tarrazu-noir\/#breadcrumb"},"inLanguage":"en-US","potentialAction":[{"@type":"ReadAction","target":["https:\/\/cafesummum.com\/produit\/costa-rica-tarrazu-noir\/"]}]},{"@type":"BreadcrumbList","@id":"https:\/\/cafesummum.com\/produit\/costa-rica-tarrazu-noir\/#breadcrumb","itemListElement":[{"@type":"ListItem","position":1,"name":"Accueil","item":"https:\/\/cafesummum.com\/"},{"@type":"ListItem","position":2,"name":"Boutique","item":"https:\/\/cafesummum.com\/boutique\/"},{"@type":"ListItem","position":3,"name":"Costa Rica Tarrazu Noir"}]},{"@type":"WebSite","@id":"https:\/\/cafesummum.com\/#website","url":"https:\/\/cafesummum.com\/","name":"Caf\u00e9 Summum","description":"Offrez-vous le Summum, depuis 25 ans","publisher":{"@id":"https:\/\/cafesummum.com\/#organization"},"alternateName":"Caf\u00e9 Summum","potentialAction":[{"@type":"SearchAction","target":{"@type":"EntryPoint","urlTemplate":"https:\/\/cafesummum.com\/?s={search_term_string}"},"query-input":{"@type":"PropertyValueSpecification","valueRequired":true,"valueName":"search_term_string"}}],"inLanguage":"en-US"},{"@type":"Organization","@id":"https:\/\/cafesummum.com\/#organization","name":"Caf\u00e9 Summum","url":"https:\/\/cafesummum.com\/","logo":{"@type":"ImageObject","inLanguage":"en-US","@id":"https:\/\/cafesummum.com\/#\/schema\/logo\/image\/","url":"https:\/\/cafesummum.com\/wp-content\/uploads\/2026\/01\/logo.png","contentUrl":"https:\/\/cafesummum.com\/wp-content\/uploads\/2026\/01\/logo.png","width":339,"height":201,"caption":"Caf\u00e9 Summum"},"image":{"@id":"https:\/\/cafesummum.com\/#\/schema\/logo\/image\/"},"sameAs":["https:\/\/www.facebook.com\/cafe.summum"]}]}},"_links":{"self":[{"href":"https:\/\/cafesummum.com\/en\/wp-json\/wp\/v2\/product\/386","targetHints":{"allow":["GET"]}}],"collection":[{"href":"https:\/\/cafesummum.com\/en\/wp-json\/wp\/v2\/product"}],"about":[{"href":"https:\/\/cafesummum.com\/en\/wp-json\/wp\/v2\/types\/product"}],"replies":[{"embeddable":true,"href":"https:\/\/cafesummum.com\/en\/wp-json\/wp\/v2\/comments?post=386"}],"wp:attachment":[{"href":"https:\/\/cafesummum.com\/en\/wp-json\/wp\/v2\/media?parent=386"}],"wp:term":[{"taxonomy":"product_brand","embeddable":true,"href":"https:\/\/cafesummum.com\/en\/wp-json\/wp\/v2\/product_brand?post=386"},{"taxonomy":"product_cat","embeddable":true,"href":"https:\/\/cafesummum.com\/en\/wp-json\/wp\/v2\/product_cat?post=386"},{"taxonomy":"product_tag","embeddable":true,"href":"https:\/\/cafesummum.com\/en\/wp-json\/wp\/v2\/product_tag?post=386"}],"curies":[{"name":"wp","href":"https:\/\/api.w.org\/{rel}","templated":true}]}}