{"id":433,"date":"2026-02-20T12:17:09","date_gmt":"2026-02-20T17:17:09","guid":{"rendered":"https:\/\/cafesummum.com\/?post_type=product&#038;p=433"},"modified":"2026-04-01T23:37:19","modified_gmt":"2026-04-02T03:37:19","slug":"le-summum","status":"publish","type":"product","link":"https:\/\/cafesummum.com\/en\/produit\/le-summum\/","title":{"rendered":"Le Summum"},"content":{"rendered":"<h3><strong>Le Summum Torr\u00e9faction Moyenne<\/strong><\/h3>\n<p>Notre M\u00e9lange Summum est l\u2019expression m\u00eame de notre savoir\u2011faire maison : une cr\u00e9ation unique, \u00e9labor\u00e9e \u00e0 partir de <strong>plusieurs origines soigneusement s\u00e9lectionn\u00e9e<\/strong>s pour leur harmonie et leur profondeur. Sa torr\u00e9faction mi\u2011noire r\u00e9v\u00e8le une tasse riche, ronde et parfaitement \u00e9quilibr\u00e9e, o\u00f9 se m\u00ealent <strong>douceur, caract\u00e8re et une belle longueur en bouche.<\/strong><\/p>\n<p>D\u00e9licieux en<strong> caf\u00e9 filtre<\/strong>, il offre une exp\u00e9rience chaleureuse et raffin\u00e9e, pens\u00e9e pour ceux qui recherchent <strong>un caf\u00e9 quotidien d\u2019exception<\/strong>.<\/p>\n","protected":false},"excerpt":{"rendered":"<p>M\u00e9lange maison compos\u00e9 de <strong>plusieurs origines<\/strong> soigneusement choisies, le Summum offre une tasse ronde, harmonieuse et pleine de caract\u00e8re. Sa torr\u00e9faction mi\u2011noire r\u00e9v\u00e8le un <strong>caf\u00e9 doux, \u00e9quilibr\u00e9 et particuli\u00e8rement d\u00e9licieux en filtre.<\/strong><\/p>\n","protected":false},"featured_media":615,"comment_status":"open","ping_status":"closed","template":"","meta":{"_et_pb_use_builder":"","_et_pb_old_content":"","_et_gb_content_width":""},"product_brand":[],"product_cat":[25],"product_tag":[],"class_list":{"0":"post-433","1":"product","2":"type-product","3":"status-publish","4":"has-post-thumbnail","6":"product_cat-melange-maison","8":"first","9":"instock","10":"shipping-taxable","11":"purchasable","12":"product-type-variable","13":"has-default-attributes"},"yoast_head":"<!-- This site is optimized with the Yoast SEO plugin v27.4 - https:\/\/yoast.com\/product\/yoast-seo-wordpress\/ -->\n<title>Le Summum - Caf\u00e9 Summum<\/title>\n<meta name=\"robots\" content=\"index, follow, max-snippet:-1, max-image-preview:large, max-video-preview:-1\" \/>\n<link rel=\"canonical\" href=\"https:\/\/cafesummum.com\/produit\/le-summum\/\" \/>\n<meta property=\"og:locale\" content=\"en_US\" \/>\n<meta property=\"og:type\" content=\"article\" \/>\n<meta property=\"og:title\" content=\"Le Summum - Caf\u00e9 Summum\" \/>\n<meta property=\"og:description\" content=\"M\u00e9lange maison compos\u00e9 de plusieurs origines soigneusement choisies, le Summum offre une tasse ronde, harmonieuse et pleine de caract\u00e8re. Sa torr\u00e9faction mi\u2011noire r\u00e9v\u00e8le un caf\u00e9 doux, \u00e9quilibr\u00e9 et particuli\u00e8rement d\u00e9licieux en filtre.\" \/>\n<meta property=\"og:url\" content=\"https:\/\/cafesummum.com\/produit\/le-summum\/\" \/>\n<meta property=\"og:site_name\" content=\"Caf\u00e9 Summum\" \/>\n<meta property=\"article:publisher\" content=\"https:\/\/www.facebook.com\/cafe.summum\" \/>\n<meta property=\"article:modified_time\" content=\"2026-04-02T03:37:19+00:00\" \/>\n<meta property=\"og:image\" content=\"https:\/\/cafesummum.com\/wp-content\/uploads\/2026\/03\/Le-Summum2.jpg\" \/>\n\t<meta property=\"og:image:width\" content=\"708\" \/>\n\t<meta property=\"og:image:height\" content=\"685\" \/>\n\t<meta property=\"og:image:type\" content=\"image\/jpeg\" \/>\n<meta name=\"twitter:card\" content=\"summary_large_image\" \/>\n<meta name=\"twitter:label1\" content=\"Est. reading time\" \/>\n\t<meta name=\"twitter:data1\" content=\"1 minute\" \/>\n<script type=\"application\/ld+json\" class=\"yoast-schema-graph\">{\"@context\":\"https:\\\/\\\/schema.org\",\"@graph\":[{\"@type\":\"WebPage\",\"@id\":\"https:\\\/\\\/cafesummum.com\\\/produit\\\/le-summum\\\/\",\"url\":\"https:\\\/\\\/cafesummum.com\\\/produit\\\/le-summum\\\/\",\"name\":\"Le Summum - Caf\u00e9 Summum\",\"isPartOf\":{\"@id\":\"https:\\\/\\\/cafesummum.com\\\/#website\"},\"primaryImageOfPage\":{\"@id\":\"https:\\\/\\\/cafesummum.com\\\/produit\\\/le-summum\\\/#primaryimage\"},\"image\":{\"@id\":\"https:\\\/\\\/cafesummum.com\\\/produit\\\/le-summum\\\/#primaryimage\"},\"thumbnailUrl\":\"https:\\\/\\\/cafesummum.com\\\/wp-content\\\/uploads\\\/2026\\\/03\\\/Le-Summum2.jpg\",\"datePublished\":\"2026-02-20T17:17:09+00:00\",\"dateModified\":\"2026-04-02T03:37:19+00:00\",\"breadcrumb\":{\"@id\":\"https:\\\/\\\/cafesummum.com\\\/produit\\\/le-summum\\\/#breadcrumb\"},\"inLanguage\":\"en-US\",\"potentialAction\":[{\"@type\":\"ReadAction\",\"target\":[\"https:\\\/\\\/cafesummum.com\\\/produit\\\/le-summum\\\/\"]}]},{\"@type\":\"ImageObject\",\"inLanguage\":\"en-US\",\"@id\":\"https:\\\/\\\/cafesummum.com\\\/produit\\\/le-summum\\\/#primaryimage\",\"url\":\"https:\\\/\\\/cafesummum.com\\\/wp-content\\\/uploads\\\/2026\\\/03\\\/Le-Summum2.jpg\",\"contentUrl\":\"https:\\\/\\\/cafesummum.com\\\/wp-content\\\/uploads\\\/2026\\\/03\\\/Le-Summum2.jpg\",\"width\":708,\"height\":685},{\"@type\":\"BreadcrumbList\",\"@id\":\"https:\\\/\\\/cafesummum.com\\\/produit\\\/le-summum\\\/#breadcrumb\",\"itemListElement\":[{\"@type\":\"ListItem\",\"position\":1,\"name\":\"Accueil\",\"item\":\"https:\\\/\\\/cafesummum.com\\\/\"},{\"@type\":\"ListItem\",\"position\":2,\"name\":\"Boutique\",\"item\":\"https:\\\/\\\/cafesummum.com\\\/boutique\\\/\"},{\"@type\":\"ListItem\",\"position\":3,\"name\":\"Le Summum\"}]},{\"@type\":\"WebSite\",\"@id\":\"https:\\\/\\\/cafesummum.com\\\/#website\",\"url\":\"https:\\\/\\\/cafesummum.com\\\/\",\"name\":\"Caf\u00e9 Summum\",\"description\":\"Offrez-vous le Summum, depuis 25 ans\",\"publisher\":{\"@id\":\"https:\\\/\\\/cafesummum.com\\\/#organization\"},\"alternateName\":\"Caf\u00e9 Summum\",\"potentialAction\":[{\"@type\":\"SearchAction\",\"target\":{\"@type\":\"EntryPoint\",\"urlTemplate\":\"https:\\\/\\\/cafesummum.com\\\/?s={search_term_string}\"},\"query-input\":{\"@type\":\"PropertyValueSpecification\",\"valueRequired\":true,\"valueName\":\"search_term_string\"}}],\"inLanguage\":\"en-US\"},{\"@type\":\"Organization\",\"@id\":\"https:\\\/\\\/cafesummum.com\\\/#organization\",\"name\":\"Caf\u00e9 Summum\",\"url\":\"https:\\\/\\\/cafesummum.com\\\/\",\"logo\":{\"@type\":\"ImageObject\",\"inLanguage\":\"en-US\",\"@id\":\"https:\\\/\\\/cafesummum.com\\\/#\\\/schema\\\/logo\\\/image\\\/\",\"url\":\"https:\\\/\\\/cafesummum.com\\\/wp-content\\\/uploads\\\/2026\\\/01\\\/logo.png\",\"contentUrl\":\"https:\\\/\\\/cafesummum.com\\\/wp-content\\\/uploads\\\/2026\\\/01\\\/logo.png\",\"width\":339,\"height\":201,\"caption\":\"Caf\u00e9 Summum\"},\"image\":{\"@id\":\"https:\\\/\\\/cafesummum.com\\\/#\\\/schema\\\/logo\\\/image\\\/\"},\"sameAs\":[\"https:\\\/\\\/www.facebook.com\\\/cafe.summum\"]}]}<\/script>\n<!-- \/ Yoast SEO plugin. -->","yoast_head_json":{"title":"Le Summum - Caf\u00e9 Summum","robots":{"index":"index","follow":"follow","max-snippet":"max-snippet:-1","max-image-preview":"max-image-preview:large","max-video-preview":"max-video-preview:-1"},"canonical":"https:\/\/cafesummum.com\/produit\/le-summum\/","og_locale":"en_US","og_type":"article","og_title":"Le Summum - Caf\u00e9 Summum","og_description":"M\u00e9lange maison compos\u00e9 de plusieurs origines soigneusement choisies, le Summum offre une tasse ronde, harmonieuse et pleine de caract\u00e8re. Sa torr\u00e9faction mi\u2011noire r\u00e9v\u00e8le un caf\u00e9 doux, \u00e9quilibr\u00e9 et particuli\u00e8rement d\u00e9licieux en filtre.","og_url":"https:\/\/cafesummum.com\/produit\/le-summum\/","og_site_name":"Caf\u00e9 Summum","article_publisher":"https:\/\/www.facebook.com\/cafe.summum","article_modified_time":"2026-04-02T03:37:19+00:00","og_image":[{"width":708,"height":685,"url":"https:\/\/cafesummum.com\/wp-content\/uploads\/2026\/03\/Le-Summum2.jpg","type":"image\/jpeg"}],"twitter_card":"summary_large_image","twitter_misc":{"Est. reading time":"1 minute"},"schema":{"@context":"https:\/\/schema.org","@graph":[{"@type":"WebPage","@id":"https:\/\/cafesummum.com\/produit\/le-summum\/","url":"https:\/\/cafesummum.com\/produit\/le-summum\/","name":"Le Summum - Caf\u00e9 Summum","isPartOf":{"@id":"https:\/\/cafesummum.com\/#website"},"primaryImageOfPage":{"@id":"https:\/\/cafesummum.com\/produit\/le-summum\/#primaryimage"},"image":{"@id":"https:\/\/cafesummum.com\/produit\/le-summum\/#primaryimage"},"thumbnailUrl":"https:\/\/cafesummum.com\/wp-content\/uploads\/2026\/03\/Le-Summum2.jpg","datePublished":"2026-02-20T17:17:09+00:00","dateModified":"2026-04-02T03:37:19+00:00","breadcrumb":{"@id":"https:\/\/cafesummum.com\/produit\/le-summum\/#breadcrumb"},"inLanguage":"en-US","potentialAction":[{"@type":"ReadAction","target":["https:\/\/cafesummum.com\/produit\/le-summum\/"]}]},{"@type":"ImageObject","inLanguage":"en-US","@id":"https:\/\/cafesummum.com\/produit\/le-summum\/#primaryimage","url":"https:\/\/cafesummum.com\/wp-content\/uploads\/2026\/03\/Le-Summum2.jpg","contentUrl":"https:\/\/cafesummum.com\/wp-content\/uploads\/2026\/03\/Le-Summum2.jpg","width":708,"height":685},{"@type":"BreadcrumbList","@id":"https:\/\/cafesummum.com\/produit\/le-summum\/#breadcrumb","itemListElement":[{"@type":"ListItem","position":1,"name":"Accueil","item":"https:\/\/cafesummum.com\/"},{"@type":"ListItem","position":2,"name":"Boutique","item":"https:\/\/cafesummum.com\/boutique\/"},{"@type":"ListItem","position":3,"name":"Le Summum"}]},{"@type":"WebSite","@id":"https:\/\/cafesummum.com\/#website","url":"https:\/\/cafesummum.com\/","name":"Caf\u00e9 Summum","description":"Offrez-vous le Summum, depuis 25 ans","publisher":{"@id":"https:\/\/cafesummum.com\/#organization"},"alternateName":"Caf\u00e9 Summum","potentialAction":[{"@type":"SearchAction","target":{"@type":"EntryPoint","urlTemplate":"https:\/\/cafesummum.com\/?s={search_term_string}"},"query-input":{"@type":"PropertyValueSpecification","valueRequired":true,"valueName":"search_term_string"}}],"inLanguage":"en-US"},{"@type":"Organization","@id":"https:\/\/cafesummum.com\/#organization","name":"Caf\u00e9 Summum","url":"https:\/\/cafesummum.com\/","logo":{"@type":"ImageObject","inLanguage":"en-US","@id":"https:\/\/cafesummum.com\/#\/schema\/logo\/image\/","url":"https:\/\/cafesummum.com\/wp-content\/uploads\/2026\/01\/logo.png","contentUrl":"https:\/\/cafesummum.com\/wp-content\/uploads\/2026\/01\/logo.png","width":339,"height":201,"caption":"Caf\u00e9 Summum"},"image":{"@id":"https:\/\/cafesummum.com\/#\/schema\/logo\/image\/"},"sameAs":["https:\/\/www.facebook.com\/cafe.summum"]}]}},"_links":{"self":[{"href":"https:\/\/cafesummum.com\/en\/wp-json\/wp\/v2\/product\/433","targetHints":{"allow":["GET"]}}],"collection":[{"href":"https:\/\/cafesummum.com\/en\/wp-json\/wp\/v2\/product"}],"about":[{"href":"https:\/\/cafesummum.com\/en\/wp-json\/wp\/v2\/types\/product"}],"replies":[{"embeddable":true,"href":"https:\/\/cafesummum.com\/en\/wp-json\/wp\/v2\/comments?post=433"}],"wp:featuredmedia":[{"embeddable":true,"href":"https:\/\/cafesummum.com\/en\/wp-json\/wp\/v2\/media\/615"}],"wp:attachment":[{"href":"https:\/\/cafesummum.com\/en\/wp-json\/wp\/v2\/media?parent=433"}],"wp:term":[{"taxonomy":"product_brand","embeddable":true,"href":"https:\/\/cafesummum.com\/en\/wp-json\/wp\/v2\/product_brand?post=433"},{"taxonomy":"product_cat","embeddable":true,"href":"https:\/\/cafesummum.com\/en\/wp-json\/wp\/v2\/product_cat?post=433"},{"taxonomy":"product_tag","embeddable":true,"href":"https:\/\/cafesummum.com\/en\/wp-json\/wp\/v2\/product_tag?post=433"}],"curies":[{"name":"wp","href":"https:\/\/api.w.org\/{rel}","templated":true}]}}