{"id":434,"date":"2026-02-20T13:34:27","date_gmt":"2026-02-20T18:34:27","guid":{"rendered":"https:\/\/cafesummum.com\/?post_type=product&#038;p=434"},"modified":"2026-04-01T23:37:19","modified_gmt":"2026-04-02T03:37:19","slug":"melange-william","status":"publish","type":"product","link":"https:\/\/cafesummum.com\/en\/produit\/melange-william\/","title":{"rendered":"M\u00e9lange William"},"content":{"rendered":"<h3><strong>M\u00e9lange William Torr\u00e9faction Moyenne<\/strong><\/h3>\n<p>Le M\u00e9lange William est l\u2019un de nos caf\u00e9s les plus pr\u00e9cieux : une cr\u00e9ation maison \u00e9labor\u00e9e il y a d\u00e9j\u00e0 vingt ans \u00e0 partir de caf\u00e9s br\u00e9siliens soigneusement s\u00e9lectionn\u00e9s pour leur<strong> douceur naturelle et leur rondeur<\/strong>. Sa torr\u00e9faction moyenne r\u00e9v\u00e8le une <strong>tasse velout\u00e9e, \u00e9quilibr\u00e9e et r\u00e9confortante, avec une belle profondeur aromatique<\/strong>. D\u00e9licieux en caf\u00e9<strong> filtre<\/strong>, c\u2019est un m\u00e9lange chaleureux et g\u00e9n\u00e9reux, pens\u00e9 pour accompagner les plus beaux moments du quotidien.<\/p>\n","protected":false},"excerpt":{"rendered":"<p>Cr\u00e9ation maison n\u00e9e il y a vingt ans, le M\u00e9lange William r\u00e9unit des caf\u00e9s br\u00e9siliens s\u00e9lectionn\u00e9s pour leur <strong>douceur et leur rondeur<\/strong>. Sa torr\u00e9faction moyenne offre une tasse <strong>velout\u00e9e, \u00e9quilibr\u00e9e et r\u00e9confortante,<\/strong> particuli\u00e8rement savoureuse en<strong> caf\u00e9 filtre.<\/strong><\/p>\n","protected":false},"featured_media":614,"comment_status":"open","ping_status":"closed","template":"","meta":{"_et_pb_use_builder":"","_et_pb_old_content":"","_et_gb_content_width":""},"product_brand":[],"product_cat":[25],"product_tag":[],"class_list":{"0":"post-434","1":"product","2":"type-product","3":"status-publish","4":"has-post-thumbnail","6":"product_cat-melange-maison","8":"first","9":"instock","10":"shipping-taxable","11":"purchasable","12":"product-type-variable","13":"has-default-attributes"},"yoast_head":"<!-- This site is optimized with the Yoast SEO plugin v27.4 - https:\/\/yoast.com\/product\/yoast-seo-wordpress\/ -->\n<title>M\u00e9lange William - Caf\u00e9 Summum<\/title>\n<meta name=\"robots\" content=\"index, follow, max-snippet:-1, max-image-preview:large, max-video-preview:-1\" \/>\n<link rel=\"canonical\" href=\"https:\/\/cafesummum.com\/produit\/melange-william\/\" \/>\n<meta property=\"og:locale\" content=\"en_US\" \/>\n<meta property=\"og:type\" content=\"article\" \/>\n<meta property=\"og:title\" content=\"M\u00e9lange William - Caf\u00e9 Summum\" \/>\n<meta property=\"og:description\" content=\"Cr\u00e9ation maison n\u00e9e il y a vingt ans, le M\u00e9lange William r\u00e9unit des caf\u00e9s br\u00e9siliens s\u00e9lectionn\u00e9s pour leur douceur et leur rondeur. Sa torr\u00e9faction moyenne offre une tasse velout\u00e9e, \u00e9quilibr\u00e9e et r\u00e9confortante, particuli\u00e8rement savoureuse en caf\u00e9 filtre.\" \/>\n<meta property=\"og:url\" content=\"https:\/\/cafesummum.com\/produit\/melange-william\/\" \/>\n<meta property=\"og:site_name\" content=\"Caf\u00e9 Summum\" \/>\n<meta property=\"article:publisher\" content=\"https:\/\/www.facebook.com\/cafe.summum\" \/>\n<meta property=\"article:modified_time\" content=\"2026-04-02T03:37:19+00:00\" \/>\n<meta property=\"og:image\" content=\"https:\/\/cafesummum.com\/wp-content\/uploads\/2026\/03\/William.jpg\" \/>\n\t<meta property=\"og:image:width\" content=\"1006\" \/>\n\t<meta property=\"og:image:height\" content=\"1012\" \/>\n\t<meta property=\"og:image:type\" content=\"image\/jpeg\" \/>\n<meta name=\"twitter:card\" content=\"summary_large_image\" \/>\n<meta name=\"twitter:label1\" content=\"Est. reading time\" \/>\n\t<meta name=\"twitter:data1\" content=\"1 minute\" \/>\n<script type=\"application\/ld+json\" class=\"yoast-schema-graph\">{\"@context\":\"https:\\\/\\\/schema.org\",\"@graph\":[{\"@type\":\"WebPage\",\"@id\":\"https:\\\/\\\/cafesummum.com\\\/produit\\\/melange-william\\\/\",\"url\":\"https:\\\/\\\/cafesummum.com\\\/produit\\\/melange-william\\\/\",\"name\":\"M\u00e9lange William - Caf\u00e9 Summum\",\"isPartOf\":{\"@id\":\"https:\\\/\\\/cafesummum.com\\\/#website\"},\"primaryImageOfPage\":{\"@id\":\"https:\\\/\\\/cafesummum.com\\\/produit\\\/melange-william\\\/#primaryimage\"},\"image\":{\"@id\":\"https:\\\/\\\/cafesummum.com\\\/produit\\\/melange-william\\\/#primaryimage\"},\"thumbnailUrl\":\"https:\\\/\\\/cafesummum.com\\\/wp-content\\\/uploads\\\/2026\\\/03\\\/William.jpg\",\"datePublished\":\"2026-02-20T18:34:27+00:00\",\"dateModified\":\"2026-04-02T03:37:19+00:00\",\"breadcrumb\":{\"@id\":\"https:\\\/\\\/cafesummum.com\\\/produit\\\/melange-william\\\/#breadcrumb\"},\"inLanguage\":\"en-US\",\"potentialAction\":[{\"@type\":\"ReadAction\",\"target\":[\"https:\\\/\\\/cafesummum.com\\\/produit\\\/melange-william\\\/\"]}]},{\"@type\":\"ImageObject\",\"inLanguage\":\"en-US\",\"@id\":\"https:\\\/\\\/cafesummum.com\\\/produit\\\/melange-william\\\/#primaryimage\",\"url\":\"https:\\\/\\\/cafesummum.com\\\/wp-content\\\/uploads\\\/2026\\\/03\\\/William.jpg\",\"contentUrl\":\"https:\\\/\\\/cafesummum.com\\\/wp-content\\\/uploads\\\/2026\\\/03\\\/William.jpg\",\"width\":1006,\"height\":1012},{\"@type\":\"BreadcrumbList\",\"@id\":\"https:\\\/\\\/cafesummum.com\\\/produit\\\/melange-william\\\/#breadcrumb\",\"itemListElement\":[{\"@type\":\"ListItem\",\"position\":1,\"name\":\"Accueil\",\"item\":\"https:\\\/\\\/cafesummum.com\\\/\"},{\"@type\":\"ListItem\",\"position\":2,\"name\":\"Boutique\",\"item\":\"https:\\\/\\\/cafesummum.com\\\/boutique\\\/\"},{\"@type\":\"ListItem\",\"position\":3,\"name\":\"M\u00e9lange William\"}]},{\"@type\":\"WebSite\",\"@id\":\"https:\\\/\\\/cafesummum.com\\\/#website\",\"url\":\"https:\\\/\\\/cafesummum.com\\\/\",\"name\":\"Caf\u00e9 Summum\",\"description\":\"Offrez-vous le Summum, depuis 25 ans\",\"publisher\":{\"@id\":\"https:\\\/\\\/cafesummum.com\\\/#organization\"},\"alternateName\":\"Caf\u00e9 Summum\",\"potentialAction\":[{\"@type\":\"SearchAction\",\"target\":{\"@type\":\"EntryPoint\",\"urlTemplate\":\"https:\\\/\\\/cafesummum.com\\\/?s={search_term_string}\"},\"query-input\":{\"@type\":\"PropertyValueSpecification\",\"valueRequired\":true,\"valueName\":\"search_term_string\"}}],\"inLanguage\":\"en-US\"},{\"@type\":\"Organization\",\"@id\":\"https:\\\/\\\/cafesummum.com\\\/#organization\",\"name\":\"Caf\u00e9 Summum\",\"url\":\"https:\\\/\\\/cafesummum.com\\\/\",\"logo\":{\"@type\":\"ImageObject\",\"inLanguage\":\"en-US\",\"@id\":\"https:\\\/\\\/cafesummum.com\\\/#\\\/schema\\\/logo\\\/image\\\/\",\"url\":\"https:\\\/\\\/cafesummum.com\\\/wp-content\\\/uploads\\\/2026\\\/01\\\/logo.png\",\"contentUrl\":\"https:\\\/\\\/cafesummum.com\\\/wp-content\\\/uploads\\\/2026\\\/01\\\/logo.png\",\"width\":339,\"height\":201,\"caption\":\"Caf\u00e9 Summum\"},\"image\":{\"@id\":\"https:\\\/\\\/cafesummum.com\\\/#\\\/schema\\\/logo\\\/image\\\/\"},\"sameAs\":[\"https:\\\/\\\/www.facebook.com\\\/cafe.summum\"]}]}<\/script>\n<!-- \/ Yoast SEO plugin. -->","yoast_head_json":{"title":"M\u00e9lange William - Caf\u00e9 Summum","robots":{"index":"index","follow":"follow","max-snippet":"max-snippet:-1","max-image-preview":"max-image-preview:large","max-video-preview":"max-video-preview:-1"},"canonical":"https:\/\/cafesummum.com\/produit\/melange-william\/","og_locale":"en_US","og_type":"article","og_title":"M\u00e9lange William - Caf\u00e9 Summum","og_description":"Cr\u00e9ation maison n\u00e9e il y a vingt ans, le M\u00e9lange William r\u00e9unit des caf\u00e9s br\u00e9siliens s\u00e9lectionn\u00e9s pour leur douceur et leur rondeur. Sa torr\u00e9faction moyenne offre une tasse velout\u00e9e, \u00e9quilibr\u00e9e et r\u00e9confortante, particuli\u00e8rement savoureuse en caf\u00e9 filtre.","og_url":"https:\/\/cafesummum.com\/produit\/melange-william\/","og_site_name":"Caf\u00e9 Summum","article_publisher":"https:\/\/www.facebook.com\/cafe.summum","article_modified_time":"2026-04-02T03:37:19+00:00","og_image":[{"width":1006,"height":1012,"url":"https:\/\/cafesummum.com\/wp-content\/uploads\/2026\/03\/William.jpg","type":"image\/jpeg"}],"twitter_card":"summary_large_image","twitter_misc":{"Est. reading time":"1 minute"},"schema":{"@context":"https:\/\/schema.org","@graph":[{"@type":"WebPage","@id":"https:\/\/cafesummum.com\/produit\/melange-william\/","url":"https:\/\/cafesummum.com\/produit\/melange-william\/","name":"M\u00e9lange William - Caf\u00e9 Summum","isPartOf":{"@id":"https:\/\/cafesummum.com\/#website"},"primaryImageOfPage":{"@id":"https:\/\/cafesummum.com\/produit\/melange-william\/#primaryimage"},"image":{"@id":"https:\/\/cafesummum.com\/produit\/melange-william\/#primaryimage"},"thumbnailUrl":"https:\/\/cafesummum.com\/wp-content\/uploads\/2026\/03\/William.jpg","datePublished":"2026-02-20T18:34:27+00:00","dateModified":"2026-04-02T03:37:19+00:00","breadcrumb":{"@id":"https:\/\/cafesummum.com\/produit\/melange-william\/#breadcrumb"},"inLanguage":"en-US","potentialAction":[{"@type":"ReadAction","target":["https:\/\/cafesummum.com\/produit\/melange-william\/"]}]},{"@type":"ImageObject","inLanguage":"en-US","@id":"https:\/\/cafesummum.com\/produit\/melange-william\/#primaryimage","url":"https:\/\/cafesummum.com\/wp-content\/uploads\/2026\/03\/William.jpg","contentUrl":"https:\/\/cafesummum.com\/wp-content\/uploads\/2026\/03\/William.jpg","width":1006,"height":1012},{"@type":"BreadcrumbList","@id":"https:\/\/cafesummum.com\/produit\/melange-william\/#breadcrumb","itemListElement":[{"@type":"ListItem","position":1,"name":"Accueil","item":"https:\/\/cafesummum.com\/"},{"@type":"ListItem","position":2,"name":"Boutique","item":"https:\/\/cafesummum.com\/boutique\/"},{"@type":"ListItem","position":3,"name":"M\u00e9lange William"}]},{"@type":"WebSite","@id":"https:\/\/cafesummum.com\/#website","url":"https:\/\/cafesummum.com\/","name":"Caf\u00e9 Summum","description":"Offrez-vous le Summum, depuis 25 ans","publisher":{"@id":"https:\/\/cafesummum.com\/#organization"},"alternateName":"Caf\u00e9 Summum","potentialAction":[{"@type":"SearchAction","target":{"@type":"EntryPoint","urlTemplate":"https:\/\/cafesummum.com\/?s={search_term_string}"},"query-input":{"@type":"PropertyValueSpecification","valueRequired":true,"valueName":"search_term_string"}}],"inLanguage":"en-US"},{"@type":"Organization","@id":"https:\/\/cafesummum.com\/#organization","name":"Caf\u00e9 Summum","url":"https:\/\/cafesummum.com\/","logo":{"@type":"ImageObject","inLanguage":"en-US","@id":"https:\/\/cafesummum.com\/#\/schema\/logo\/image\/","url":"https:\/\/cafesummum.com\/wp-content\/uploads\/2026\/01\/logo.png","contentUrl":"https:\/\/cafesummum.com\/wp-content\/uploads\/2026\/01\/logo.png","width":339,"height":201,"caption":"Caf\u00e9 Summum"},"image":{"@id":"https:\/\/cafesummum.com\/#\/schema\/logo\/image\/"},"sameAs":["https:\/\/www.facebook.com\/cafe.summum"]}]}},"_links":{"self":[{"href":"https:\/\/cafesummum.com\/en\/wp-json\/wp\/v2\/product\/434","targetHints":{"allow":["GET"]}}],"collection":[{"href":"https:\/\/cafesummum.com\/en\/wp-json\/wp\/v2\/product"}],"about":[{"href":"https:\/\/cafesummum.com\/en\/wp-json\/wp\/v2\/types\/product"}],"replies":[{"embeddable":true,"href":"https:\/\/cafesummum.com\/en\/wp-json\/wp\/v2\/comments?post=434"}],"wp:featuredmedia":[{"embeddable":true,"href":"https:\/\/cafesummum.com\/en\/wp-json\/wp\/v2\/media\/614"}],"wp:attachment":[{"href":"https:\/\/cafesummum.com\/en\/wp-json\/wp\/v2\/media?parent=434"}],"wp:term":[{"taxonomy":"product_brand","embeddable":true,"href":"https:\/\/cafesummum.com\/en\/wp-json\/wp\/v2\/product_brand?post=434"},{"taxonomy":"product_cat","embeddable":true,"href":"https:\/\/cafesummum.com\/en\/wp-json\/wp\/v2\/product_cat?post=434"},{"taxonomy":"product_tag","embeddable":true,"href":"https:\/\/cafesummum.com\/en\/wp-json\/wp\/v2\/product_tag?post=434"}],"curies":[{"name":"wp","href":"https:\/\/api.w.org\/{rel}","templated":true}]}}